{"id":131,"date":"2019-10-24T17:40:14","date_gmt":"2019-10-24T17:40:14","guid":{"rendered":"https:\/\/www.intaba-weine.de\/?page_id=131"},"modified":"2020-03-13T15:44:16","modified_gmt":"2020-03-13T15:44:16","slug":"nabygelegen-private-cellar-in-wellington","status":"publish","type":"page","link":"https:\/\/www.intaba-weine.de\/?page_id=131","title":{"rendered":"Nabygelegen Private Cellar in Wellington"},"content":{"rendered":"<p>[et_pb_section fb_built=&#8220;1&#8243; fullwidth=&#8220;on&#8220; _builder_version=&#8220;4.3.4&#8243; background_color=&#8220;#7c0202&#8243;][et_pb_fullwidth_image src=&#8220;https:\/\/www.intaba-weine.de\/wp-content\/uploads\/2020\/02\/logo-weiss-Kopie-1.png&#8220; url=&#8220;https:\/\/www.intaba-weine.de&#8220; _builder_version=&#8220;4.3.4&#8243; background_color=&#8220;#7c0202&#8243; width=&#8220;46%&#8220; width_tablet=&#8220;80%&#8220; width_phone=&#8220;89%&#8220; width_last_edited=&#8220;on|tablet&#8220; module_alignment=&#8220;center&#8220; custom_margin=&#8220;0px||||false|false&#8220; custom_padding=&#8220;14px||11px||false|false&#8220;][\/et_pb_fullwidth_image][\/et_pb_section][et_pb_section fb_built=&#8220;1&#8243; admin_label=&#8220;Products Section&#8220; _builder_version=&#8220;3.22&#8243; background_color=&#8220;#ffffff&#8220; custom_padding=&#8220;20px|0px|0|0px|false|false&#8220;][et_pb_row admin_label=&#8220;Section Header Row&#8220; _builder_version=&#8220;3.25&#8243; custom_padding=&#8220;0px|0px|27px|0px&#8220;][et_pb_column type=&#8220;4_4&#8243; _builder_version=&#8220;3.25&#8243; custom_padding=&#8220;|||&#8220; custom_padding__hover=&#8220;|||&#8220;][et_pb_text admin_label=&#8220;Tittle &#038; Paragraph&#8220; _builder_version=&#8220;3.27.4&#8243; text_font=&#8220;Open Sans|600|||||||&#8220; text_line_height=&#8220;1.8em&#8220; link_font=&#8220;||||||||&#8220; ul_font=&#8220;||||||||&#8220; ol_font=&#8220;||||||||&#8220; quote_font=&#8220;||||||||&#8220; header_font=&#8220;||||||||&#8220; header_2_font=&#8220;Oswald|||on|||||&#8220; header_2_font_size=&#8220;30px&#8220; header_2_letter_spacing=&#8220;1px&#8220; text_orientation=&#8220;center&#8220; max_width=&#8220;700px&#8220; module_alignment=&#8220;center&#8220; custom_margin=&#8220;40px|||&#8220; custom_margin_tablet=&#8220;0px|||&#8220; custom_margin_phone=&#8220;|||&#8220; custom_margin_last_edited=&#8220;on|phone&#8220;]<\/p>\n<h2><span>Nabygelegen Private Cellar in Wellington<\/span><\/h2>\n<p>[\/et_pb_text][\/et_pb_column][\/et_pb_row][\/et_pb_section][et_pb_section fb_built=&#8220;1&#8243; _builder_version=&#8220;3.22&#8243; background_position=&#8220;bottom_center&#8220; custom_padding=&#8220;0px|0px|0px|0px&#8220;][et_pb_row column_structure=&#8220;1_2,1_2&#8243; admin_label=&#8220;CTA Row&#8220; _builder_version=&#8220;3.25&#8243; custom_margin=&#8220;|||&#8220; custom_padding=&#8220;0|0px|27.953125px|0px|false|false&#8220;][et_pb_column type=&#8220;1_2&#8243; _builder_version=&#8220;3.25&#8243; custom_padding=&#8220;|||&#8220; custom_padding__hover=&#8220;|||&#8220;][et_pb_cta button_url=&#8220;#top&#8220; admin_label=&#8220;Tittle, Paragraph &#038; Call To Action&#8220; _builder_version=&#8220;4.3.4&#8243; header_font=&#8220;Oswald|||on|||||&#8220; header_font_size=&#8220;45px&#8220; header_letter_spacing=&#8220;3px&#8220; header_line_height=&#8220;1.4em&#8220; body_font=&#8220;Open Sans|600|||||||&#8220; body_line_height=&#8220;1.8em&#8220; use_background_color=&#8220;off&#8220; custom_button=&#8220;on&#8220; button_text_size=&#8220;14px&#8220; button_text_color=&#8220;#ffffff&#8220; button_bg_color=&#8220;#000000&#8243; button_border_width=&#8220;10px&#8220; button_border_color=&#8220;rgba(0,0,0,0)&#8220; button_border_radius=&#8220;30px&#8220; button_letter_spacing=&#8220;2px&#8220; button_font=&#8220;Open Sans|700||on|||||&#8220; button_use_icon=&#8220;off&#8220; text_orientation=&#8220;left&#8220; background_layout=&#8220;light&#8220; custom_margin=&#8220;50px|||&#8220; custom_margin_tablet=&#8220;0px|||&#8220; custom_margin_phone=&#8220;&#8220; custom_margin_last_edited=&#8220;on|tablet&#8220; button_text_color_hover=&#8220;#ffffff&#8220; button_border_color_hover=&#8220;rgba(0,0,0,0)&#8220; button_border_radius_hover=&#8220;28px&#8220; button_letter_spacing_hover=&#8220;2px&#8220; button_bg_color_hover=&#8220;rgba(0,0,0,0.7)&#8220; button_text_size__hover_enabled=&#8220;off&#8220; button_one_text_size__hover_enabled=&#8220;off&#8220; button_two_text_size__hover_enabled=&#8220;off&#8220; button_text_color__hover_enabled=&#8220;on&#8220; button_text_color__hover=&#8220;#ffffff&#8220; button_one_text_color__hover_enabled=&#8220;off&#8220; button_two_text_color__hover_enabled=&#8220;off&#8220; button_border_width__hover_enabled=&#8220;off&#8220; button_one_border_width__hover_enabled=&#8220;off&#8220; button_two_border_width__hover_enabled=&#8220;off&#8220; button_border_color__hover_enabled=&#8220;on&#8220; button_border_color__hover=&#8220;rgba(0,0,0,0)&#8220; button_one_border_color__hover_enabled=&#8220;off&#8220; button_two_border_color__hover_enabled=&#8220;off&#8220; button_border_radius__hover_enabled=&#8220;on&#8220; button_border_radius__hover=&#8220;28px&#8220; button_one_border_radius__hover_enabled=&#8220;off&#8220; button_two_border_radius__hover_enabled=&#8220;off&#8220; button_letter_spacing__hover_enabled=&#8220;on&#8220; button_letter_spacing__hover=&#8220;2px&#8220; button_one_letter_spacing__hover_enabled=&#8220;off&#8220; button_two_letter_spacing__hover_enabled=&#8220;off&#8220; button_bg_color__hover_enabled=&#8220;on&#8220; button_bg_color__hover=&#8220;rgba(0,0,0,0.7)&#8220; button_one_bg_color__hover_enabled=&#8220;off&#8220; button_two_bg_color__hover_enabled=&#8220;off&#8220;]<\/p>\n<p><span class=\"ff2 fc2 fs12 \">Bewilligt durch Gouverneur William Herlot, bekam der deutschst\u00e4mmige Jan Lorenz (urspr\u00fcnglich aus Rostock) 1712 als einer der neuen freien B\u00fcrger des Kaps das Land zugesprochen. Lorenz unternahm die ersten Schritte die Farm zu erschlie\u00dfen und pflanzte den ersten Wein, zusammen mit Obst und Gem\u00fcse an. <\/span><span class=\"ff3 fc0 fs12 \">Aus dieser Zeit stammen auch die erste Scheune und das Herrenhaus im klassischen kapholl\u00e4ndischen Stil. <\/span><span class=\"ff2 fc2 fs12 \"><\/span><\/p>\n<p>Der Name \u201eNabygelegen\u201c (laying nearby = nahe gelegen) stammt wahrscheinlich aus dieser Zeit, als Lorenz\u00b4 gesamte Familie sehr nah in dieser Region zusammenlebte. Nach seinem Tod 1721 wurde die Farm an verschiedene Besitzer verkauft, bis sie 1847 die Du Toit Familie erwarb, in dessen H\u00e4nde sie bis 2001 verblieb. D<span class=\"ff3 fc0 fs12 \">er jetzige Besitzer James McKenzie l\u00e4\u00dft momentan die alten Geb\u00e4ude restaurieren und pflanzt neue Rebst\u00f6cke an. Der \u00e4lteste noch in Betrieb stehende Weinberg ist von 1940 und mit Chenin Blanc-Reben bepflanzt.<\/span><\/p>\n<p>Mehr Infos unter: <span style=\"color: #7c0202;\"><a class=\"ImLink\" title=\"\" style=\"color: #7c0202;\" href=\"https:\/\/nabygelegen.co.za\">www.nabygelegen.co.za<\/a><\/span><br \/>YouTube Video: <span style=\"color: #7c0202;\"><a class=\"ImLink\" title=\"\" style=\"color: #7c0202;\" href=\"http:\/\/www.youtube.com\/watch?v=rwAjhn-wlGk\">http:\/\/www.youtube.com\/watch?v=rwAjhn-wlGk<\/a><\/span><\/p>\n<p><span class=\"ff3 fc0 fs12 \"><strong><span class=\"ff2 fc0 fs14 fb \">Das G\u00e4stehaus<\/span><\/strong><span class=\"ff2 fc0 fs12 \"> <\/span><\/span><\/p>\n<p>Auf dem privaten Weingut Nabygelegen in absolut ruhiger Lage inmitten der Weinberge befindet sich das luxeri\u00f6se G\u00e4stehaus im kapholl\u00e4ndischen Stil. Das Geb\u00e4ude wurde 1740 erbaut.<\/p>\n<p>Das G\u00e4stehaus bietet f\u00fcr maximal 4 Personen Platz. Es verf\u00fcgt \u00fcber zwei Doppelzimmer mit je einem gro\u00dfen Doppelbett mit en-suite Badezimmer mit Dusche. Der Wohn- und E\u00dfbereich ist offen gestaltet und geht in die gut ausgestattete K\u00fcche \u00fcber. Zu dem G\u00e4stehaus geh\u00f6rt ein Garten mit privatem Pool und Grillplatz. Die Aussicht ist atemberaubend!<\/p>\n<p>Das G\u00e4stehaus ist auf Basis der Selbstverpflegung zu mieten. Bei Eink\u00e4ufen kann auf Anfrage assistiert werden.<\/p>\n<p>[\/et_pb_cta][et_pb_image src=&#8220;https:\/\/www.intaba-weine.de\/wp-content\/uploads\/2020\/02\/nabygelegen3.jpg&#8220; align_tablet=&#8220;center&#8220; align_phone=&#8220;&#8220; align_last_edited=&#8220;on|desktop&#8220; admin_label=&#8220;Cleanses Image&#8220; _builder_version=&#8220;4.3.4&#8243; custom_margin=&#8220;||0px|&#8220; custom_padding=&#8220;0px|0px|0px|0px||&#8220; custom_padding_last_edited=&#8220;off|desktop&#8220; border_radii=&#8220;||||&#8220;]&nbsp;[\/et_pb_image][et_pb_image src=&#8220;https:\/\/www.intaba-weine.de\/wp-content\/uploads\/2019\/12\/p018_1_12.jpg&#8220; align_tablet=&#8220;center&#8220; align_phone=&#8220;&#8220; align_last_edited=&#8220;on|desktop&#8220; admin_label=&#8220;Cleanses Image&#8220; _builder_version=&#8220;3.23&#8243; custom_margin=&#8220;||0px|&#8220; custom_padding=&#8220;35px|0px|0px|0px||&#8220; custom_padding_last_edited=&#8220;off|desktop&#8220; border_radii=&#8220;||||&#8220;]&nbsp;[\/et_pb_image][et_pb_image src=&#8220;https:\/\/www.intaba-weine.de\/wp-content\/uploads\/2019\/12\/p018_1_4.jpg&#8220; align_tablet=&#8220;center&#8220; align_phone=&#8220;&#8220; align_last_edited=&#8220;on|desktop&#8220; admin_label=&#8220;Cleanses Image&#8220; _builder_version=&#8220;3.23&#8243; custom_margin=&#8220;||0px|&#8220; custom_padding=&#8220;35px|0px|0px|47px||&#8220; custom_padding_last_edited=&#8220;off|desktop&#8220; border_radii=&#8220;||||&#8220;]&nbsp;[\/et_pb_image][\/et_pb_column][et_pb_column type=&#8220;1_2&#8243; _builder_version=&#8220;3.25&#8243; custom_padding=&#8220;|||&#8220; custom_padding__hover=&#8220;|||&#8220;][et_pb_image src=&#8220;https:\/\/www.intaba-weine.de\/wp-content\/uploads\/2020\/02\/nabygelegen2.jpg&#8220; align_tablet=&#8220;center&#8220; align_phone=&#8220;&#8220; align_last_edited=&#8220;on|desktop&#8220; admin_label=&#8220;Cleanses Image&#8220; _builder_version=&#8220;4.3.4&#8243; custom_margin=&#8220;||0px|&#8220; custom_padding=&#8220;49px|0px|0px|47px||&#8220; custom_padding_last_edited=&#8220;off|desktop&#8220; border_radii=&#8220;||||&#8220;]&nbsp;[\/et_pb_image][et_pb_image src=&#8220;https:\/\/www.intaba-weine.de\/wp-content\/uploads\/2020\/02\/nabygelegen1.jpg&#8220; align_tablet=&#8220;center&#8220; align_phone=&#8220;&#8220; align_last_edited=&#8220;on|desktop&#8220; admin_label=&#8220;Cleanses Image&#8220; _builder_version=&#8220;4.3.4&#8243; width=&#8220;64%&#8220; custom_margin=&#8220;||0px|&#8220; custom_padding=&#8220;35px|0px|0px|47px||&#8220; custom_padding_last_edited=&#8220;off|desktop&#8220; border_radii=&#8220;||||&#8220;]&nbsp;[\/et_pb_image][et_pb_image src=&#8220;https:\/\/www.intaba-weine.de\/wp-content\/uploads\/2019\/12\/p018_1_8.jpg&#8220; align_tablet=&#8220;center&#8220; align_phone=&#8220;&#8220; align_last_edited=&#8220;on|desktop&#8220; admin_label=&#8220;Cleanses Image&#8220; _builder_version=&#8220;3.23&#8243; min_height=&#8220;303px&#8220; custom_margin=&#8220;||10px|||&#8220; custom_padding=&#8220;35px|0px|7px|47px||&#8220; custom_padding_last_edited=&#8220;off|desktop&#8220; border_radii=&#8220;||||&#8220;]&nbsp;[\/et_pb_image][\/et_pb_column][\/et_pb_row][\/et_pb_section][et_pb_section fb_built=&#8220;1&#8243; _builder_version=&#8220;3.22&#8243; background_image=&#8220;https:\/\/www.intaba-weine.de\/wp-content\/uploads\/2019\/10\/Weingut-Graceland-Reben-Berge-Kopie-2.jpg&#8220; custom_padding=&#8220;27px||0||false|false&#8220;][et_pb_row _builder_version=&#8220;3.25&#8243; background_size=&#8220;initial&#8220; background_position=&#8220;top_left&#8220; background_repeat=&#8220;repeat&#8220;][et_pb_column type=&#8220;4_4&#8243; _builder_version=&#8220;3.25&#8243; custom_padding=&#8220;|||&#8220; custom_padding__hover=&#8220;|||&#8220;][et_pb_cta title=&#8220;UNSERE WEING\u00dcTER AUF EINEN BLICK&#8220; admin_label=&#8220;Bestseller&#8220; _builder_version=&#8220;4.3.4&#8243; header_font=&#8220;Oswald|||on|||||&#8220; header_text_align=&#8220;center&#8220; header_font_size=&#8220;30px&#8220; header_letter_spacing=&#8220;1px&#8220; header_line_height=&#8220;2.1em&#8220; body_font=&#8220;Open Sans|600|||||||&#8220; body_text_align=&#8220;center&#8220; body_text_color=&#8220;#000000&#8243; body_letter_spacing=&#8220;1px&#8220; body_line_height=&#8220;1.4em&#8220; background_color=&#8220;rgba(255,255,255,0.79)&#8220; custom_button=&#8220;on&#8220; button_text_size=&#8220;14px&#8220; button_text_color=&#8220;#ffffff&#8220; button_bg_color=&#8220;#000000&#8243; button_border_width=&#8220;10px&#8220; button_border_color=&#8220;rgba(0,0,0,0)&#8220; button_border_radius=&#8220;30px&#8220; button_letter_spacing=&#8220;2px&#8220; button_font=&#8220;Open Sans|700||on|||||&#8220; button_use_icon=&#8220;off&#8220; background_layout=&#8220;light&#8220; custom_margin=&#8220;0px|||&#8220; custom_margin_tablet=&#8220;0px|||&#8220; custom_margin_phone=&#8220;&#8220; custom_margin_last_edited=&#8220;on|desktop&#8220; custom_padding=&#8220;40px||40px|&#8220; button_text_color_hover=&#8220;#ffffff&#8220; button_border_color_hover=&#8220;rgba(0,0,0,0)&#8220; button_border_radius_hover=&#8220;28px&#8220; button_letter_spacing_hover=&#8220;2px&#8220; button_bg_color_hover=&#8220;rgba(0,0,0,0.7)&#8220; button_text_size__hover_enabled=&#8220;off&#8220; button_one_text_size__hover_enabled=&#8220;off&#8220; button_two_text_size__hover_enabled=&#8220;off&#8220; button_text_color__hover_enabled=&#8220;on&#8220; button_text_color__hover=&#8220;#ffffff&#8220; button_one_text_color__hover_enabled=&#8220;off&#8220; button_two_text_color__hover_enabled=&#8220;off&#8220; button_border_width__hover_enabled=&#8220;off&#8220; button_one_border_width__hover_enabled=&#8220;off&#8220; button_two_border_width__hover_enabled=&#8220;off&#8220; button_border_color__hover_enabled=&#8220;on&#8220; button_border_color__hover=&#8220;rgba(0,0,0,0)&#8220; button_one_border_color__hover_enabled=&#8220;off&#8220; button_two_border_color__hover_enabled=&#8220;off&#8220; button_border_radius__hover_enabled=&#8220;on&#8220; button_border_radius__hover=&#8220;28px&#8220; button_one_border_radius__hover_enabled=&#8220;off&#8220; button_two_border_radius__hover_enabled=&#8220;off&#8220; button_letter_spacing__hover_enabled=&#8220;on&#8220; button_letter_spacing__hover=&#8220;2px&#8220; button_one_letter_spacing__hover_enabled=&#8220;off&#8220; button_two_letter_spacing__hover_enabled=&#8220;off&#8220; button_bg_color__hover_enabled=&#8220;on&#8220; button_bg_color__hover=&#8220;rgba(0,0,0,0.7)&#8220; button_one_bg_color__hover_enabled=&#8220;off&#8220; button_two_bg_color__hover_enabled=&#8220;off&#8220;]<\/p>\n<p><span style=\"font-family: inherit;\"><a href=\"https:\/\/www.intaba-weine.de\/?page_id=123\"><span style=\"color: #161616;\">Aaldering Vineyards &amp; Wine in Stellenbosch<br \/><\/span><\/a><\/span><span style=\"font-family: inherit;\"><span style=\"color: #161616;\"><a style=\"color: #161616;\" href=\"https:\/\/www.intaba-weine.de\/?page_id=483\">Bein Private Cellar in Stellenbosch<\/a><\/span><br \/><\/span><span style=\"font-family: inherit;\"><span style=\"color: #161616;\"><a style=\"color: #161616;\" href=\"https:\/\/www.intaba-weine.de\/?page_id=125\">Diemersfontein Wines in Wellington<\/a><\/span><br \/><\/span><span style=\"color: #161616;\"><span style=\"font-family: inherit;\"><a style=\"color: #161616;\" href=\"https:\/\/www.intaba-weine.de\/?page_id=127\">Dunstone Winery in Wellington<\/a><br \/><\/span><span style=\"font-family: inherit;\"><a style=\"color: #161616;\" href=\"https:\/\/www.intaba-weine.de\/?page_id=129\">Graceland Vineyards in Stellenbosch<\/a><br \/><\/span><span style=\"font-family: inherit;\"><a style=\"color: #161616;\" href=\"https:\/\/www.intaba-weine.de\/?page_id=131\">Nabygelegen Private Cellar in Wellington<\/a><br \/><\/span><a style=\"color: #161616;\" href=\"https:\/\/www.intaba-weine.de\/?page_id=133\"><span style=\"font-family: inherit;\">Noble Hill Wine Estate in Paarl<\/span><\/a><a style=\"color: #161616;\" href=\"https:\/\/www.intaba-weine.de\/?page_id=123\"><span style=\"font-family: inherit;\"><br \/><\/span><\/a><span style=\"font-family: inherit;\"><a style=\"color: #161616;\" href=\"https:\/\/www.intaba-weine.de\/?page_id=135\">Stonewall Wines in Stellenbosch<\/a><\/span><\/span><\/p>\n<p>&nbsp;<\/p>\n<p>&nbsp;<\/p>\n<p>[\/et_pb_cta][\/et_pb_column][\/et_pb_row][\/et_pb_section]<\/p>\n","protected":false},"excerpt":{"rendered":"<p>[et_pb_section fb_built=&#8220;1&#8243; fullwidth=&#8220;on&#8220; _builder_version=&#8220;4.3.4&#8243; background_color=&#8220;#7c0202&#8243;][et_pb_fullwidth_image src=&#8220;https:\/\/www.intaba-weine.de\/wp-content\/uploads\/2020\/02\/logo-weiss-Kopie-1.png&#8220; url=&#8220;https:\/\/www.intaba-weine.de&#8220; _builder_version=&#8220;4.3.4&#8243; background_color=&#8220;#7c0202&#8243; width=&#8220;46%&#8220; width_tablet=&#8220;80%&#8220; width_phone=&#8220;89%&#8220; width_last_edited=&#8220;on|tablet&#8220; module_alignment=&#8220;center&#8220; custom_margin=&#8220;0px||||false|false&#8220; custom_padding=&#8220;14px||11px||false|false&#8220;][\/et_pb_fullwidth_image][\/et_pb_section][et_pb_section fb_built=&#8220;1&#8243; admin_label=&#8220;Products Section&#8220; _builder_version=&#8220;3.22&#8243; background_color=&#8220;#ffffff&#8220; custom_padding=&#8220;20px|0px|0|0px|false|false&#8220;][et_pb_row admin_label=&#8220;Section Header Row&#8220; _builder_version=&#8220;3.25&#8243; custom_padding=&#8220;0px|0px|27px|0px&#8220;][et_pb_column type=&#8220;4_4&#8243; _builder_version=&#8220;3.25&#8243; custom_padding=&#8220;|||&#8220; custom_padding__hover=&#8220;|||&#8220;][et_pb_text admin_label=&#8220;Tittle &#038; Paragraph&#8220; _builder_version=&#8220;3.27.4&#8243; text_font=&#8220;Open Sans|600|||||||&#8220; text_line_height=&#8220;1.8em&#8220; link_font=&#8220;||||||||&#8220; ul_font=&#8220;||||||||&#8220; ol_font=&#8220;||||||||&#8220; quote_font=&#8220;||||||||&#8220; header_font=&#8220;||||||||&#8220; header_2_font=&#8220;Oswald|||on|||||&#8220; header_2_font_size=&#8220;30px&#8220; header_2_letter_spacing=&#8220;1px&#8220; text_orientation=&#8220;center&#8220; max_width=&#8220;700px&#8220; module_alignment=&#8220;center&#8220; custom_margin=&#8220;40px|||&#8220; custom_margin_tablet=&#8220;0px|||&#8220; custom_margin_phone=&#8220;|||&#8220; custom_margin_last_edited=&#8220;on|phone&#8220;] Nabygelegen Private [&hellip;]<\/p>\n","protected":false},"author":1,"featured_media":0,"parent":0,"menu_order":0,"comment_status":"closed","ping_status":"closed","template":"","meta":{"_et_pb_use_builder":"on","_et_pb_old_content":"","_et_gb_content_width":""},"_links":{"self":[{"href":"https:\/\/www.intaba-weine.de\/index.php?rest_route=\/wp\/v2\/pages\/131"}],"collection":[{"href":"https:\/\/www.intaba-weine.de\/index.php?rest_route=\/wp\/v2\/pages"}],"about":[{"href":"https:\/\/www.intaba-weine.de\/index.php?rest_route=\/wp\/v2\/types\/page"}],"author":[{"embeddable":true,"href":"https:\/\/www.intaba-weine.de\/index.php?rest_route=\/wp\/v2\/users\/1"}],"replies":[{"embeddable":true,"href":"https:\/\/www.intaba-weine.de\/index.php?rest_route=%2Fwp%2Fv2%2Fcomments&post=131"}],"version-history":[{"count":16,"href":"https:\/\/www.intaba-weine.de\/index.php?rest_route=\/wp\/v2\/pages\/131\/revisions"}],"predecessor-version":[{"id":1267,"href":"https:\/\/www.intaba-weine.de\/index.php?rest_route=\/wp\/v2\/pages\/131\/revisions\/1267"}],"wp:attachment":[{"href":"https:\/\/www.intaba-weine.de\/index.php?rest_route=%2Fwp%2Fv2%2Fmedia&parent=131"}],"curies":[{"name":"wp","href":"https:\/\/api.w.org\/{rel}","templated":true}]}}