{"id":133,"date":"2019-10-24T17:40:39","date_gmt":"2019-10-24T17:40:39","guid":{"rendered":"https:\/\/www.intaba-weine.de\/?page_id=133"},"modified":"2021-06-23T11:58:21","modified_gmt":"2021-06-23T11:58:21","slug":"noble-hill-wine-estate-in-paarl","status":"publish","type":"page","link":"https:\/\/www.intaba-weine.de\/?page_id=133","title":{"rendered":"Noble Hill Wine Estate in Paarl"},"content":{"rendered":"<p>[et_pb_section fb_built=&#8220;1&#8243; fullwidth=&#8220;on&#8220; _builder_version=&#8220;4.3.4&#8243; background_color=&#8220;#7c0202&#8243;][et_pb_fullwidth_image src=&#8220;https:\/\/www.intaba-weine.de\/wp-content\/uploads\/2020\/02\/logo-weiss-Kopie-1.png&#8220; url=&#8220;https:\/\/www.intaba-weine.de&#8220; _builder_version=&#8220;4.3.4&#8243; background_color=&#8220;#7c0202&#8243; width=&#8220;46%&#8220; width_tablet=&#8220;80%&#8220; width_phone=&#8220;89%&#8220; width_last_edited=&#8220;on|tablet&#8220; module_alignment=&#8220;center&#8220; custom_margin=&#8220;0px||||false|false&#8220; custom_padding=&#8220;14px||11px||false|false&#8220;][\/et_pb_fullwidth_image][\/et_pb_section][et_pb_section fb_built=&#8220;1&#8243; admin_label=&#8220;Products Section&#8220; _builder_version=&#8220;3.22&#8243; background_color=&#8220;#ffffff&#8220; custom_padding=&#8220;20px|0px|0|0px|false|false&#8220;][et_pb_row admin_label=&#8220;Section Header Row&#8220; _builder_version=&#8220;3.25&#8243; custom_padding=&#8220;0px|0px|27px|0px&#8220;][et_pb_column type=&#8220;4_4&#8243; _builder_version=&#8220;3.25&#8243; custom_padding=&#8220;|||&#8220; custom_padding__hover=&#8220;|||&#8220;][et_pb_text admin_label=&#8220;Tittle &#038; Paragraph&#8220; _builder_version=&#8220;3.27.4&#8243; text_font=&#8220;Open Sans|600|||||||&#8220; text_line_height=&#8220;1.8em&#8220; link_font=&#8220;||||||||&#8220; ul_font=&#8220;||||||||&#8220; ol_font=&#8220;||||||||&#8220; quote_font=&#8220;||||||||&#8220; header_font=&#8220;||||||||&#8220; header_2_font=&#8220;Oswald|||on|||||&#8220; header_2_font_size=&#8220;30px&#8220; header_2_letter_spacing=&#8220;1px&#8220; text_orientation=&#8220;center&#8220; max_width=&#8220;700px&#8220; module_alignment=&#8220;center&#8220; custom_margin=&#8220;40px|||&#8220; custom_margin_tablet=&#8220;0px|||&#8220; custom_margin_phone=&#8220;|||&#8220; custom_margin_last_edited=&#8220;on|phone&#8220;]<\/p>\n<h2><span>Noble Hill Wine Estate in Paarl<\/span><\/h2>\n<p>[\/et_pb_text][\/et_pb_column][\/et_pb_row][\/et_pb_section][et_pb_section fb_built=&#8220;1&#8243; _builder_version=&#8220;3.22&#8243; background_position=&#8220;bottom_center&#8220; custom_padding=&#8220;0px|0px|0px|0px&#8220;][et_pb_row column_structure=&#8220;1_2,1_2&#8243; admin_label=&#8220;CTA Row&#8220; _builder_version=&#8220;3.25&#8243; custom_margin=&#8220;|||&#8220; custom_padding=&#8220;0|0px|27.953125px|0px|false|false&#8220;][et_pb_column type=&#8220;1_2&#8243; _builder_version=&#8220;3.25&#8243; custom_padding=&#8220;|||&#8220; custom_padding__hover=&#8220;|||&#8220;][et_pb_cta button_url=&#8220;#top&#8220; admin_label=&#8220;Tittle, Paragraph &#038; Call To Action&#8220; _builder_version=&#8220;3.16&#8243; header_font=&#8220;Oswald|||on|||||&#8220; header_font_size=&#8220;45px&#8220; header_letter_spacing=&#8220;3px&#8220; header_line_height=&#8220;1.4em&#8220; body_font=&#8220;Open Sans|600|||||||&#8220; body_line_height=&#8220;1.8em&#8220; use_background_color=&#8220;off&#8220; custom_button=&#8220;on&#8220; button_text_size=&#8220;14px&#8220; button_text_color=&#8220;#ffffff&#8220; button_bg_color=&#8220;#000000&#8243; button_border_width=&#8220;10px&#8220; button_border_color=&#8220;rgba(0,0,0,0)&#8220; button_border_radius=&#8220;30px&#8220; button_letter_spacing=&#8220;2px&#8220; button_font=&#8220;Open Sans|700||on|||||&#8220; button_use_icon=&#8220;off&#8220; text_orientation=&#8220;left&#8220; background_layout=&#8220;light&#8220; custom_margin=&#8220;50px|||&#8220; custom_margin_tablet=&#8220;0px|||&#8220; custom_margin_phone=&#8220;&#8220; custom_margin_last_edited=&#8220;on|tablet&#8220; button_text_color_hover=&#8220;#ffffff&#8220; button_border_color_hover=&#8220;rgba(0,0,0,0)&#8220; button_border_radius_hover=&#8220;28px&#8220; button_letter_spacing_hover=&#8220;2px&#8220; button_bg_color_hover=&#8220;rgba(0,0,0,0.7)&#8220; button_text_size__hover_enabled=&#8220;off&#8220; button_one_text_size__hover_enabled=&#8220;off&#8220; button_two_text_size__hover_enabled=&#8220;off&#8220; button_text_color__hover_enabled=&#8220;on&#8220; button_text_color__hover=&#8220;#ffffff&#8220; button_one_text_color__hover_enabled=&#8220;off&#8220; button_two_text_color__hover_enabled=&#8220;off&#8220; button_border_width__hover_enabled=&#8220;off&#8220; button_one_border_width__hover_enabled=&#8220;off&#8220; button_two_border_width__hover_enabled=&#8220;off&#8220; button_border_color__hover_enabled=&#8220;on&#8220; button_border_color__hover=&#8220;rgba(0,0,0,0)&#8220; button_one_border_color__hover_enabled=&#8220;off&#8220; button_two_border_color__hover_enabled=&#8220;off&#8220; button_border_radius__hover_enabled=&#8220;on&#8220; button_border_radius__hover=&#8220;28px&#8220; button_one_border_radius__hover_enabled=&#8220;off&#8220; button_two_border_radius__hover_enabled=&#8220;off&#8220; button_letter_spacing__hover_enabled=&#8220;on&#8220; button_letter_spacing__hover=&#8220;2px&#8220; button_one_letter_spacing__hover_enabled=&#8220;off&#8220; button_two_letter_spacing__hover_enabled=&#8220;off&#8220; button_bg_color__hover_enabled=&#8220;on&#8220; button_bg_color__hover=&#8220;rgba(0,0,0,0.7)&#8220; button_one_bg_color__hover_enabled=&#8220;off&#8220; button_two_bg_color__hover_enabled=&#8220;off&#8220;]<\/p>\n<p><span>Noble Hill steht f\u00fcr einzigartige Weine von eigenem Weingut! Es umfasst 30 Hektar und produziert Wei\u00df- und Rotweine sowie Oliven\u00f6l. Das Weingut liegt an den H\u00e4ngen der Simonsberge, etwa 20 km von Franschhoek und 45 km von Kapstadt entfernt.<\/span><\/p>\n<p><span>Der jetzige Besitzer, die amerikanische Familie Tillery, \u00fcbernahm das Weingut im Jahre 2006. Bei der \u00dcbernahme, bekam der Besitzer eine \u201eKram-Kiste\u201c mit vielen verschiedenen Schl\u00fcsseln, wie f\u00fcr T\u00fcren, Schr\u00e4nke und Tore \u00fcbergeben. Als die Schl\u00fcssel sortiert wurden, fand man sehr alte und sch\u00f6ne Exemplare, die aus der historischen Vergangenheit der Farm stammen. Einige davon wurden illustriert und schm\u00fccken nun die Flaschenetiketten. Die verschiedenen Schl\u00fcssel repr\u00e4sentieren die unterschiedlichen Charakteren der Rebsorten.<\/span><\/p>\n<p><span>Mehr Infos unter: <\/span><span style=\"color: #7c0202;\"><a class=\"ImLink\" title=\"\" style=\"color: #7c0202;\" href=\"https:\/\/www.noblehill.com\">www.noblehill.com<\/a><\/span><\/p>\n<p>[\/et_pb_cta][et_pb_image src=&#8220;https:\/\/www.intaba-weine.de\/wp-content\/uploads\/2019\/12\/p057_0_10.jpg&#8220; align_tablet=&#8220;center&#8220; align_phone=&#8220;&#8220; align_last_edited=&#8220;on|desktop&#8220; admin_label=&#8220;Cleanses Image&#8220; _builder_version=&#8220;3.23&#8243; custom_margin=&#8220;||0px|&#8220; custom_padding=&#8220;20px|0px|0px|0px&#8220; custom_padding_last_edited=&#8220;off|desktop&#8220; border_radii=&#8220;||||&#8220;]&nbsp;[\/et_pb_image][\/et_pb_column][et_pb_column type=&#8220;1_2&#8243; _builder_version=&#8220;3.25&#8243; custom_padding=&#8220;|||&#8220; custom_padding__hover=&#8220;|||&#8220;][et_pb_image src=&#8220;https:\/\/www.intaba-weine.de\/wp-content\/uploads\/2019\/12\/p057_0_1.jpg&#8220; align_tablet=&#8220;center&#8220; align_phone=&#8220;&#8220; align_last_edited=&#8220;on|desktop&#8220; admin_label=&#8220;Cleanses Image&#8220; _builder_version=&#8220;3.23&#8243; custom_margin=&#8220;||0px|&#8220; custom_padding=&#8220;65px|0px|0px|47px&#8220; custom_padding_last_edited=&#8220;off|desktop&#8220; border_radii=&#8220;||||&#8220; min_height=&#8220;337px&#8220;]&nbsp;[\/et_pb_image][et_pb_image src=&#8220;https:\/\/www.intaba-weine.de\/wp-content\/uploads\/2019\/12\/p057_0_6.jpg&#8220; align_tablet=&#8220;center&#8220; align_phone=&#8220;&#8220; align_last_edited=&#8220;on|desktop&#8220; admin_label=&#8220;Cleanses Image&#8220; _builder_version=&#8220;3.23&#8243; custom_margin=&#8220;||0px|&#8220; custom_padding=&#8220;20px|0px|0px|47px&#8220; custom_padding_last_edited=&#8220;off|desktop&#8220; border_radii=&#8220;||||&#8220;]&nbsp;[\/et_pb_image][\/et_pb_column][\/et_pb_row][et_pb_row _builder_version=&#8220;4.3.4&#8243; column_structure=&#8220;1_2,1_2&#8243;][et_pb_column _builder_version=&#8220;4.3.4&#8243; type=&#8220;1_2&#8243;][et_pb_image src=&#8220;https:\/\/www.intaba-weine.de\/wp-content\/uploads\/2021\/06\/Simonsberg-mountains-Z1-scaled.jpg&#8220; _builder_version=&#8220;4.3.4&#8243; hover_enabled=&#8220;0&#8243;][\/et_pb_image][\/et_pb_column][et_pb_column _builder_version=&#8220;4.3.4&#8243; type=&#8220;1_2&#8243;][et_pb_image src=&#8220;https:\/\/www.intaba-weine.de\/wp-content\/uploads\/2021\/06\/Eingang-Restaurant-scaled.jpg&#8220; _builder_version=&#8220;4.3.4&#8243; hover_enabled=&#8220;0&#8243;][\/et_pb_image][\/et_pb_column][\/et_pb_row][\/et_pb_section][et_pb_section fb_built=&#8220;1&#8243; _builder_version=&#8220;3.22&#8243; background_image=&#8220;https:\/\/www.intaba-weine.de\/wp-content\/uploads\/2019\/10\/Weingut-Graceland-Reben-Berge-Kopie-2.jpg&#8220; custom_padding=&#8220;27px||0||false|false&#8220;][et_pb_row _builder_version=&#8220;3.25&#8243; background_size=&#8220;initial&#8220; background_position=&#8220;top_left&#8220; background_repeat=&#8220;repeat&#8220;][et_pb_column type=&#8220;4_4&#8243; _builder_version=&#8220;3.25&#8243; custom_padding=&#8220;|||&#8220; custom_padding__hover=&#8220;|||&#8220;][et_pb_cta title=&#8220;UNSERE WEING\u00dcTER AUF EINEN BLICK&#8220; admin_label=&#8220;Bestseller&#8220; _builder_version=&#8220;4.3.4&#8243; header_font=&#8220;Oswald|||on|||||&#8220; header_text_align=&#8220;center&#8220; header_font_size=&#8220;30px&#8220; header_letter_spacing=&#8220;1px&#8220; header_line_height=&#8220;2.1em&#8220; body_font=&#8220;Open Sans|600|||||||&#8220; body_text_align=&#8220;center&#8220; body_text_color=&#8220;#000000&#8243; body_letter_spacing=&#8220;1px&#8220; body_line_height=&#8220;1.4em&#8220; background_color=&#8220;rgba(255,255,255,0.79)&#8220; custom_button=&#8220;on&#8220; button_text_size=&#8220;14px&#8220; button_text_color=&#8220;#ffffff&#8220; button_bg_color=&#8220;#000000&#8243; button_border_width=&#8220;10px&#8220; button_border_color=&#8220;rgba(0,0,0,0)&#8220; button_border_radius=&#8220;30px&#8220; button_letter_spacing=&#8220;2px&#8220; button_font=&#8220;Open Sans|700||on|||||&#8220; button_use_icon=&#8220;off&#8220; background_layout=&#8220;light&#8220; custom_margin=&#8220;0px|||&#8220; custom_margin_tablet=&#8220;0px|||&#8220; custom_margin_phone=&#8220;&#8220; custom_margin_last_edited=&#8220;on|desktop&#8220; custom_padding=&#8220;40px||40px|&#8220; button_text_color_hover=&#8220;#ffffff&#8220; button_border_color_hover=&#8220;rgba(0,0,0,0)&#8220; button_border_radius_hover=&#8220;28px&#8220; button_letter_spacing_hover=&#8220;2px&#8220; button_bg_color_hover=&#8220;rgba(0,0,0,0.7)&#8220; button_text_size__hover_enabled=&#8220;off&#8220; button_one_text_size__hover_enabled=&#8220;off&#8220; button_two_text_size__hover_enabled=&#8220;off&#8220; button_text_color__hover_enabled=&#8220;on&#8220; button_text_color__hover=&#8220;#ffffff&#8220; button_one_text_color__hover_enabled=&#8220;off&#8220; button_two_text_color__hover_enabled=&#8220;off&#8220; button_border_width__hover_enabled=&#8220;off&#8220; button_one_border_width__hover_enabled=&#8220;off&#8220; button_two_border_width__hover_enabled=&#8220;off&#8220; button_border_color__hover_enabled=&#8220;on&#8220; button_border_color__hover=&#8220;rgba(0,0,0,0)&#8220; button_one_border_color__hover_enabled=&#8220;off&#8220; button_two_border_color__hover_enabled=&#8220;off&#8220; button_border_radius__hover_enabled=&#8220;on&#8220; button_border_radius__hover=&#8220;28px&#8220; button_one_border_radius__hover_enabled=&#8220;off&#8220; button_two_border_radius__hover_enabled=&#8220;off&#8220; button_letter_spacing__hover_enabled=&#8220;on&#8220; button_letter_spacing__hover=&#8220;2px&#8220; button_one_letter_spacing__hover_enabled=&#8220;off&#8220; button_two_letter_spacing__hover_enabled=&#8220;off&#8220; button_bg_color__hover_enabled=&#8220;on&#8220; button_bg_color__hover=&#8220;rgba(0,0,0,0.7)&#8220; button_one_bg_color__hover_enabled=&#8220;off&#8220; button_two_bg_color__hover_enabled=&#8220;off&#8220;]<\/p>\n<p><span style=\"font-family: inherit;\"><a href=\"https:\/\/www.intaba-weine.de\/?page_id=123\"><span style=\"color: #161616;\">Aaldering Vineyards &amp; Wine in Stellenbosch<br \/><\/span><\/a><\/span><span style=\"font-family: inherit;\"><span style=\"color: #161616;\"><a style=\"color: #161616;\" href=\"https:\/\/www.intaba-weine.de\/?page_id=483\">Bein Private Cellar in Stellenbosch<\/a><\/span><br \/><\/span><span style=\"font-family: inherit;\"><span style=\"color: #161616;\"><a style=\"color: #161616;\" href=\"https:\/\/www.intaba-weine.de\/?page_id=125\">Diemersfontein Wines in Wellington<\/a><\/span><br \/><\/span><span style=\"color: #161616;\"><span style=\"font-family: inherit;\"><a style=\"color: #161616;\" href=\"https:\/\/www.intaba-weine.de\/?page_id=127\">Dunstone Winery in Wellington<\/a><br \/><\/span><span style=\"font-family: inherit;\"><a style=\"color: #161616;\" href=\"https:\/\/www.intaba-weine.de\/?page_id=129\">Graceland Vineyards in Stellenbosch<\/a><br \/><\/span><span style=\"font-family: inherit;\"><a style=\"color: #161616;\" href=\"https:\/\/www.intaba-weine.de\/?page_id=131\">Nabygelegen Private Cellar in Wellington<\/a><br \/><\/span><a style=\"color: #161616;\" href=\"https:\/\/www.intaba-weine.de\/?page_id=133\"><span style=\"font-family: inherit;\">Noble Hill Wine Estate in Paarl<\/span><\/a><a style=\"color: #161616;\" href=\"https:\/\/www.intaba-weine.de\/?page_id=123\"><span style=\"font-family: inherit;\"><br \/><\/span><\/a><span style=\"font-family: inherit;\"><a style=\"color: #161616;\" href=\"https:\/\/www.intaba-weine.de\/?page_id=135\">Stonewall Wines in Stellenbosch<\/a><\/span><\/span><\/p>\n<p>&nbsp;<\/p>\n<p>&nbsp;<\/p>\n<p>[\/et_pb_cta][\/et_pb_column][\/et_pb_row][\/et_pb_section]<\/p>\n","protected":false},"excerpt":{"rendered":"<p>[et_pb_section fb_built=&#8220;1&#8243; fullwidth=&#8220;on&#8220; _builder_version=&#8220;4.3.4&#8243; background_color=&#8220;#7c0202&#8243;][et_pb_fullwidth_image src=&#8220;https:\/\/www.intaba-weine.de\/wp-content\/uploads\/2020\/02\/logo-weiss-Kopie-1.png&#8220; url=&#8220;https:\/\/www.intaba-weine.de&#8220; _builder_version=&#8220;4.3.4&#8243; background_color=&#8220;#7c0202&#8243; width=&#8220;46%&#8220; width_tablet=&#8220;80%&#8220; width_phone=&#8220;89%&#8220; width_last_edited=&#8220;on|tablet&#8220; module_alignment=&#8220;center&#8220; custom_margin=&#8220;0px||||false|false&#8220; custom_padding=&#8220;14px||11px||false|false&#8220;][\/et_pb_fullwidth_image][\/et_pb_section][et_pb_section fb_built=&#8220;1&#8243; admin_label=&#8220;Products Section&#8220; _builder_version=&#8220;3.22&#8243; background_color=&#8220;#ffffff&#8220; custom_padding=&#8220;20px|0px|0|0px|false|false&#8220;][et_pb_row admin_label=&#8220;Section Header Row&#8220; _builder_version=&#8220;3.25&#8243; custom_padding=&#8220;0px|0px|27px|0px&#8220;][et_pb_column type=&#8220;4_4&#8243; _builder_version=&#8220;3.25&#8243; custom_padding=&#8220;|||&#8220; custom_padding__hover=&#8220;|||&#8220;][et_pb_text admin_label=&#8220;Tittle &#038; Paragraph&#8220; _builder_version=&#8220;3.27.4&#8243; text_font=&#8220;Open Sans|600|||||||&#8220; text_line_height=&#8220;1.8em&#8220; link_font=&#8220;||||||||&#8220; ul_font=&#8220;||||||||&#8220; ol_font=&#8220;||||||||&#8220; quote_font=&#8220;||||||||&#8220; header_font=&#8220;||||||||&#8220; header_2_font=&#8220;Oswald|||on|||||&#8220; header_2_font_size=&#8220;30px&#8220; header_2_letter_spacing=&#8220;1px&#8220; text_orientation=&#8220;center&#8220; max_width=&#8220;700px&#8220; module_alignment=&#8220;center&#8220; custom_margin=&#8220;40px|||&#8220; custom_margin_tablet=&#8220;0px|||&#8220; custom_margin_phone=&#8220;|||&#8220; custom_margin_last_edited=&#8220;on|phone&#8220;] Noble Hill [&hellip;]<\/p>\n","protected":false},"author":1,"featured_media":0,"parent":0,"menu_order":0,"comment_status":"closed","ping_status":"closed","template":"","meta":{"_et_pb_use_builder":"on","_et_pb_old_content":"","_et_gb_content_width":""},"_links":{"self":[{"href":"https:\/\/www.intaba-weine.de\/index.php?rest_route=\/wp\/v2\/pages\/133"}],"collection":[{"href":"https:\/\/www.intaba-weine.de\/index.php?rest_route=\/wp\/v2\/pages"}],"about":[{"href":"https:\/\/www.intaba-weine.de\/index.php?rest_route=\/wp\/v2\/types\/page"}],"author":[{"embeddable":true,"href":"https:\/\/www.intaba-weine.de\/index.php?rest_route=\/wp\/v2\/users\/1"}],"replies":[{"embeddable":true,"href":"https:\/\/www.intaba-weine.de\/index.php?rest_route=%2Fwp%2Fv2%2Fcomments&post=133"}],"version-history":[{"count":15,"href":"https:\/\/www.intaba-weine.de\/index.php?rest_route=\/wp\/v2\/pages\/133\/revisions"}],"predecessor-version":[{"id":1543,"href":"https:\/\/www.intaba-weine.de\/index.php?rest_route=\/wp\/v2\/pages\/133\/revisions\/1543"}],"wp:attachment":[{"href":"https:\/\/www.intaba-weine.de\/index.php?rest_route=%2Fwp%2Fv2%2Fmedia&parent=133"}],"curies":[{"name":"wp","href":"https:\/\/api.w.org\/{rel}","templated":true}]}}