{"id":357,"date":"2020-01-23T12:47:47","date_gmt":"2020-01-23T12:47:47","guid":{"rendered":"https:\/\/www.intaba-weine.de\/?page_id=357"},"modified":"2022-03-31T05:47:39","modified_gmt":"2022-03-31T05:47:39","slug":"agbs","status":"publish","type":"page","link":"https:\/\/www.intaba-weine.de\/?page_id=357","title":{"rendered":"AGB\u00b4s"},"content":{"rendered":"<p>[et_pb_section fb_built=&#8220;1&#8243; fullwidth=&#8220;on&#8220; _builder_version=&#8220;4.3.4&#8243; background_color=&#8220;#7c0202&#8243;][et_pb_fullwidth_image src=&#8220;https:\/\/www.intaba-weine.de\/wp-content\/uploads\/2020\/02\/logo-weiss-Kopie-1.png&#8220; url=&#8220;https:\/\/www.intaba-weine.de&#8220; _builder_version=&#8220;4.3.4&#8243; background_color=&#8220;#7c0202&#8243; width=&#8220;46%&#8220; width_tablet=&#8220;80%&#8220; width_phone=&#8220;89%&#8220; width_last_edited=&#8220;on|tablet&#8220; module_alignment=&#8220;center&#8220; custom_margin=&#8220;0px||||false|false&#8220; custom_padding=&#8220;14px||11px||false|false&#8220;][\/et_pb_fullwidth_image][\/et_pb_section][et_pb_section fb_built=&#8220;1&#8243; fullwidth=&#8220;on&#8220; admin_label=&#8220;Header Section&#8220; _builder_version=&#8220;3.22&#8243; background_color=&#8220;#dadde2&#8243;][et_pb_fullwidth_slider admin_label=&#8220;Startseitenslider&#8220; _builder_version=&#8220;4.3.4&#8243; header_level=&#8220;h1&#8243; header_font=&#8220;||||||||&#8220; header_font_size=&#8220;37px&#8220; max_width_tablet=&#8220;100%&#8220; max_width_phone=&#8220;100%&#8220; max_width_last_edited=&#8220;on|phone&#8220; custom_margin=&#8220;0px||0px|&#8220; custom_margin_tablet=&#8220;&#8220; custom_margin_phone=&#8220;&#8220; custom_margin_last_edited=&#8220;on|desktop&#8220; custom_padding=&#8220;300px||300px|&#8220; custom_padding_tablet=&#8220;&#8220; custom_padding_phone=&#8220;150px||150px||false|false&#8220; custom_padding_last_edited=&#8220;on|phone&#8220; auto=&#8220;on&#8220; header_font_size_tablet=&#8220;37px&#8220; header_font_size_phone=&#8220;37px&#8220; header_font_size_last_edited=&#8220;on|tablet&#8220; button_text_size__hover_enabled=&#8220;off&#8220; button_one_text_size__hover_enabled=&#8220;off&#8220; button_two_text_size__hover_enabled=&#8220;off&#8220; button_text_color__hover_enabled=&#8220;off&#8220; button_one_text_color__hover_enabled=&#8220;off&#8220; button_two_text_color__hover_enabled=&#8220;off&#8220; button_border_width__hover_enabled=&#8220;off&#8220; button_one_border_width__hover_enabled=&#8220;off&#8220; button_two_border_width__hover_enabled=&#8220;off&#8220; button_border_color__hover_enabled=&#8220;off&#8220; button_one_border_color__hover_enabled=&#8220;off&#8220; button_two_border_color__hover_enabled=&#8220;off&#8220; button_border_radius__hover_enabled=&#8220;off&#8220; button_one_border_radius__hover_enabled=&#8220;off&#8220; button_two_border_radius__hover_enabled=&#8220;off&#8220; button_letter_spacing__hover_enabled=&#8220;off&#8220; button_one_letter_spacing__hover_enabled=&#8220;off&#8220; button_two_letter_spacing__hover_enabled=&#8220;off&#8220; button_bg_color__hover_enabled=&#8220;off&#8220; button_one_bg_color__hover_enabled=&#8220;off&#8220; button_two_bg_color__hover_enabled=&#8220;off&#8220;][et_pb_slide heading=&#8220;UNSERE ALLGEMEINEN GESCH\u00c4FTSBEDINGUNGEN&#8220; use_bg_overlay=&#8220;off&#8220; use_text_overlay=&#8220;off&#8220; _builder_version=&#8220;4.3.4&#8243; header_font=&#8220;|700|||||||&#8220; header_font_size=&#8220;40px&#8220; background_image=&#8220;https:\/\/www.intaba-weine.de\/wp-content\/uploads\/2019\/10\/Vineyard-1-HR-1.jpg&#8220; background_enable_image=&#8220;on&#8220; button_on_hover=&#8220;on&#8220; text_orientation=&#8220;center&#8220; header_font_size_tablet=&#8220;&#8220; header_font_size_phone=&#8220;25px&#8220; header_font_size_last_edited=&#8220;on|phone&#8220; header_text_shadow_style=&#8220;preset4&#8243; header_text_shadow_horizontal_length=&#8220;0.06em&#8220; header_text_shadow_vertical_length=&#8220;0.06em&#8220; header_text_shadow_color=&#8220;#7c0202&#8243; text_shadow_style=&#8220;preset4&#8243; text_shadow_horizontal_length=&#8220;0.33em&#8220; text_shadow_vertical_length=&#8220;0.24em&#8220; text_shadow_color=&#8220;#7c0202&#8243; button_text_size__hover_enabled=&#8220;off&#8220; button_one_text_size__hover_enabled=&#8220;off&#8220; button_two_text_size__hover_enabled=&#8220;off&#8220; button_text_color__hover_enabled=&#8220;off&#8220; button_one_text_color__hover_enabled=&#8220;off&#8220; button_two_text_color__hover_enabled=&#8220;off&#8220; button_border_width__hover_enabled=&#8220;off&#8220; button_one_border_width__hover_enabled=&#8220;off&#8220; button_two_border_width__hover_enabled=&#8220;off&#8220; button_border_color__hover_enabled=&#8220;off&#8220; button_one_border_color__hover_enabled=&#8220;off&#8220; button_two_border_color__hover_enabled=&#8220;off&#8220; button_border_radius__hover_enabled=&#8220;off&#8220; button_one_border_radius__hover_enabled=&#8220;off&#8220; button_two_border_radius__hover_enabled=&#8220;off&#8220; button_letter_spacing__hover_enabled=&#8220;off&#8220; button_one_letter_spacing__hover_enabled=&#8220;off&#8220; button_two_letter_spacing__hover_enabled=&#8220;off&#8220; button_bg_color__hover_enabled=&#8220;off&#8220; button_one_bg_color__hover_enabled=&#8220;off&#8220; button_two_bg_color__hover_enabled=&#8220;off&#8220;][\/et_pb_slide][\/et_pb_fullwidth_slider][\/et_pb_section][et_pb_section fb_built=&#8220;1&#8243; admin_label=&#8220;Products Section&#8220; _builder_version=&#8220;3.22&#8243; background_color=&#8220;#dadada&#8220; custom_padding=&#8220;40px|0px|120px|0px&#8220;][et_pb_row _builder_version=&#8220;3.25&#8243; custom_margin=&#8220;-40px|||&#8220;][et_pb_column type=&#8220;4_4&#8243; _builder_version=&#8220;3.25&#8243; custom_padding=&#8220;|||&#8220; custom_padding__hover=&#8220;|||&#8220;][et_pb_blurb content_max_width=&#8220;854px&#8220; _builder_version=&#8220;3.12.1&#8243; body_font=&#8220;||||||||&#8220; body_line_height=&#8220;1.4em&#8220; text_orientation=&#8220;center&#8220;]<\/p>\n<p><span style=\"color: #7c0202;\"><strong><span class=\"ff2 fc0 fs10 fb \">1. Geltungsbereich<\/span><\/strong><\/span><span class=\"ff2 fc0 fs10 \"><br \/> <\/span>Alle Lieferungen und Leistungen, die \u00fcber INTABA-Weine Kerstin Beckmann angeboten und vertrieben werden, erfolgen ausschlie\u00dflich auf Grundlage der nachfolgenden Allgemeinen Gesch\u00e4ftsbedingungen (AGB). Durch eine Bestellungsaufgabe erkennt die Kundschaft die AGB an. Von diesen AGB abweichende Regelungen gelten nur dann, wenn diese von uns schriftlich best\u00e4tigt werden.<span>\u00a0<\/span><\/p>\n<p><span class=\"ff2 fc0 fs10 fb \"><span style=\"color: #7c0202;\"><strong>2. Allgemeines<\/strong><\/span><br \/> <\/span><span class=\"ff2 fc0 fs10 \">Die Angebote auf unseren Internetseiten stellen eine unverbindliche Aufforderung dar, Waren bei uns zu bestellen. Unsere Angebote sind freibleibend und vorbehaltlich der Verf\u00fcgbarkeit. Da manche Weine nur in sehr begrenzter Menge zur Verf\u00fcgung stehen, behalten wir uns au\u00dferdem die Limitierung der Abgabemengen vor. Ebenfalls k\u00f6nnen Jahrgangs\u00e4nderungen vorkommen. Die Beschreibungen der Weine sind lediglich ein subjektiver Eindruck von Weintestern und stellen weder Zusicherung noch Garantieerkl\u00e4rung, gleich welcher Art, dar. Geringf\u00fcgige Abweichungen von den Produktangaben gelten als von Ihnen genehmigt, sofern sie nicht unzumutbar sind.<\/span><span>\u00a0<\/span><\/p>\n<p><span class=\"ff2 fc2 fs10 fu \">Kein Verkauf an Jugendliche unter 18 Jahren!<\/span><span class=\"ff2 fc2 fs10 \"> Bei begr\u00fcndeten Zweifeln am Alter des Bestellers, behalten wir uns das Recht vor, eine Alterslegitimation zu verlangen.<\/span><span>\u00a0<\/span><\/p>\n<p><span class=\"ff2 fc2 fs10 fb \" style=\"color: #7c0202;\"><strong>3. Zustandekommen des Vertages<\/strong><br \/> <\/span><span>Mit Ihrer Bestellung geben Sie ein verbindliches Angebot an uns ab, einen Vertrag mit Ihnen zu schlie\u00dfen. Ein Kaufvertrag kommt jedoch entweder erst mit dem Versand unserer Auftragsbest\u00e4tigung per eMail an Sie oder mit der Lieferung der bestellten Ware zustande.<\/span><\/p>\n<p><span style=\"color: #7c0202;\"><strong><span class=\"ff2 fc2 fs10 fb \">4. Preise<br \/> <\/span><\/strong><\/span><span class=\"ff2 fc2 fs10 \">Alle Preise sind Endpreise und verstehen sich in Euro gem\u00e4\u00df aktueller Preisliste. Die Mehrwertsteuer ist enthalten und wird auf den Rechnungen ausgewiesen. Preis\u00e4nderungen behalten wir uns vor. <\/span><span class=\"ff2 fc0 fs10 \">Es gibt keinen Mindestbestellwert.<\/span><\/p>\n<p><span style=\"color: #7c0202;\"><strong><span class=\"ff2 fc0 fs10 fb \">5. Lieferung<br \/> <\/span><\/strong><\/span><span>Die Lieferung erfolgt innerhalb von 1-3\u00a0Werktagen, bei Neukunden sofort nach Zahlungseingang. Wir sind berechtigt, Teillieferungen durchzuf\u00fchren, sofern Sie dem nicht ausdr\u00fccklich bei der Bestellung widersprochen haben. Schadensersatzanspr\u00fcche f\u00fcr Teillieferungen, versp\u00e4tete Lieferungen und Nichtlieferung ausverkaufter Weine sind ausgeschlossen, sofern wir nicht vors\u00e4tzlich oder grob fahrl\u00e4ssig gehandelt haben.<\/span><\/p>\n<p><span class=\"ff2 fc0 fs10 fb \" style=\"color: #7c0202;\"><strong>6. Versand- und Zahlungsbedingungen<\/strong><br \/> <\/span><span class=\"ff2 fc0 fs10 \">Die Anlieferung in Haan\/Gruiten erfolgt frei Haus, ohne Mindestabnahmemenge.<br \/> Die Anlieferung innerhalb von 25 km ab 42781 Haan erfolgt ab 12 Flaschen (= 2 Kartons) frei Haus.<br \/> Anliefertermine nach Absprache!<\/span><\/p>\n<p>Ansonsten gelten innerhalb Deutschlands (ohne Inseln) folgende Versandkosten (inkl. MwSt. und Verpackung):<br \/> <span>bis 6 Flaschen 7,00 \u20ac, ab 7 <\/span>Flaschen 8,50 \u20ac<span><\/span><\/p>\n<p>Bei einem Warenwert ab 250 \u20ac (brutto) liefern wir innerhalb Deutschlands (ohne Inseln) versandkostenfrei!\u00a0Gr\u00f6\u00dfere Mengen und Versendungen ins Ausland auf Anfrage!\u00a0Der Versand erfolgt prompt nach Bestellung bzw. Zahlungseingang (bei Neukunden) per UPS!<\/p>\n<p>Der Versand erfolgt regelm\u00e4\u00dfig per UPS in speziellen, UPS-zertifizierten Kartons f\u00fcr den Weinversand in 6er-, 12er- oder 18er-Gebinden. Die Verpackungskosten sind in dem Versandpreis enthalten.\u00a0Geschenkverpackungen m\u00fcssen individuell angefragt werden, da es eine gro\u00dfe Vielfalt gibt.<\/p>\n<p><span class=\"ff2 fc0 fs10 \">Bei Neukunden erfolgt die Zahlung per Vorkasse. Ansonsten sofort nach Erhalt der Lieferung und Rechnung rein netto per \u00dcberweisung! Die Rechnung liegt der Lieferung bei oder wird per eMail zugestellt. Unberechtigter Skontoabzug wird nachgefordert.<\/span><\/p>\n<p><span style=\"color: #7c0202;\"><strong><span class=\"ff2 fc2 fs10 fb \">7. Eigentumsvorbehalt<br \/> <\/span><\/strong><\/span><span>Die gelieferte Ware bleibt bis zur Vollst\u00e4ndigen Bezahlung, auch bei Weiterver\u00e4u\u00dferung an Dritte, Eigentum von INTABA-Weine Kerstin Beckmann.<\/span><\/p>\n<p><span style=\"color: #7c0202;\"><strong>8. Reklamationen und Transportsch\u00e4den<br \/> <\/strong><\/span><span>Offensichtliche Transportsch\u00e4den sind von Ihnen direkt bei Annahme zu dokumentieren. Nicht sichtbare Sch\u00e4den oder M\u00e4ngel an der gelieferten Ware sind uns umgehend anzuzeigen, sobald Sie Kenntnis davon erlangt haben. Wir werden dann mit Ihnen die weitere Vorgehensweise gem\u00e4\u00df den gesetzlichen Bestimmungen abstimmen (Ersatzlieferung, Nachbesserung, Herabsetzung des Kaufpreises bzw. R\u00fccktritt vom Kaufvertrag).<\/span><\/p>\n<p><span class=\"ff2 fc0 fs10 fb \" style=\"color: #7c0202;\"><strong>9. Widerrufsrecht<\/strong><br \/> <\/span><span>Sie haben die M\u00f6glichkeit, unge\u00f6ffnete und unbesch\u00e4digte Ware in Originalverpackung innerhalb von zwei Wochen ab Erhalt der Ware gegen Erstattung des Kaufpreises zur\u00fcckzugeben. Zur Fristwahrung gen\u00fcgt die rechtzeitige Absendung des Widerrufs. Die R\u00fccksendekosten sind von Ihnen zu tragen. Vor Versand sind die R\u00fccksendungen mit uns per eMail (oder Telefon) abzustimmen.<br \/> <\/span><\/p>\n<p><span class=\"ff2 fc0 fs10 fb \" style=\"color: #7c0202;\"><strong>10. Datenschutz und Schlussbestimmungen<\/strong><br \/> <\/span><span>Mit der Bestellung erkl\u00e4ren Sie ihr Einverst\u00e4ndnis, dass wir die von Ihnen erhaltenen Daten speichern, verarbeiten und im Rahmen der Kundenbeziehung benutzen. Die Sicherheit Ihrer Daten steht dabei an oberster Stelle. Wir versichern, dass wir Ihre personenbezogenen Daten nicht an Dritte weitergeben, es sei denn, dass wir dazu gesetzlich verpflichtet w\u00e4ren oder Sie vorher ausdr\u00fccklich eingewilligt haben. Insbesondere findet die Weitergabe der Kundendaten an Dritte (z.B. Paketdienste oder Kreditinstitute) ausschlie\u00dflich zum Zweck der Vertragserf\u00fcllung statt. Es werden hierbei die Bestimmungen des Bundesdatenschutzgesetzes eingehalten. Sollten einzelne Bestimmungen dieser Gesch\u00e4ftsbedingungen ganz oder teilweise unwirksam sein, ber\u00fchrt dies nicht die Wirksamkeit des Kaufvertrages und der \u00fcbrigen Bedingungen.<\/span><\/p>\n<p><span class=\"ff2 fc2 fs10 fb \" style=\"color: #7c0202;\"><strong>11. Links auf andere Internetseiten<\/strong><br \/> <\/span><span>Soweit wir von unserem Internetangebot auf die Webseiten Dritter verweisen oder verlinken, k\u00f6nnen wir keine Gew\u00e4hr und Haftung f\u00fcr die Richtigkeit bzw. Vollst\u00e4ndigkeit der Inhalte und die Datensicherheit dieser Websites \u00fcbernehmen. Da wir keinen Einfluss auf die Einhaltung datenschutzrechtlicher Bestimmungen durch Dritte haben, sollten Sie die jeweils angebotenen Datenschutzerkl\u00e4rungen gesondert pr\u00fcfen.<\/span><span>\u00a0<\/span><\/p>\n<p><span class=\"ff2 fc2 fs10 fb \" style=\"color: #7c0202;\"><strong>12. Anwendbares Recht und Gerichtsstand<\/strong><br \/> <\/span><span>Es gilt ausschlie\u00dflich deutsches Recht. Gegen\u00fcber einem Verbraucher gilt diese Rechtswahl nur insoweit, als dadurch keine zwingenden gesetzlichen Bestimmungen des Staates, in dem er seinen Wohnsitz oder gew\u00f6hnlichen Aufenthalt hat, eingeschr\u00e4nkt werden. Soweit der Kunde nicht Verbraucher ist, wird als Gerichtsstand Mettmann vereinbart.<\/span><span>\u00a0<\/span><\/p>\n<p><span style=\"color: #7c0202;\"><strong>Stand: Septemer 2013<\/strong><\/span><\/p>\n<p>[\/et_pb_blurb][\/et_pb_column][\/et_pb_row][\/et_pb_section]<\/p>\n","protected":false},"excerpt":{"rendered":"<p>[et_pb_section fb_built=&#8220;1&#8243; fullwidth=&#8220;on&#8220; _builder_version=&#8220;4.3.4&#8243; background_color=&#8220;#7c0202&#8243;][et_pb_fullwidth_image src=&#8220;https:\/\/www.intaba-weine.de\/wp-content\/uploads\/2020\/02\/logo-weiss-Kopie-1.png&#8220; url=&#8220;https:\/\/www.intaba-weine.de&#8220; _builder_version=&#8220;4.3.4&#8243; background_color=&#8220;#7c0202&#8243; width=&#8220;46%&#8220; width_tablet=&#8220;80%&#8220; width_phone=&#8220;89%&#8220; width_last_edited=&#8220;on|tablet&#8220; module_alignment=&#8220;center&#8220; custom_margin=&#8220;0px||||false|false&#8220; custom_padding=&#8220;14px||11px||false|false&#8220;][\/et_pb_fullwidth_image][\/et_pb_section][et_pb_section fb_built=&#8220;1&#8243; fullwidth=&#8220;on&#8220; admin_label=&#8220;Header Section&#8220; _builder_version=&#8220;3.22&#8243; background_color=&#8220;#dadde2&#8243;][et_pb_fullwidth_slider admin_label=&#8220;Startseitenslider&#8220; _builder_version=&#8220;4.3.4&#8243; header_level=&#8220;h1&#8243; header_font=&#8220;||||||||&#8220; header_font_size=&#8220;37px&#8220; max_width_tablet=&#8220;100%&#8220; max_width_phone=&#8220;100%&#8220; max_width_last_edited=&#8220;on|phone&#8220; custom_margin=&#8220;0px||0px|&#8220; custom_margin_tablet=&#8220;&#8220; custom_margin_phone=&#8220;&#8220; custom_margin_last_edited=&#8220;on|desktop&#8220; custom_padding=&#8220;300px||300px|&#8220; custom_padding_tablet=&#8220;&#8220; custom_padding_phone=&#8220;150px||150px||false|false&#8220; custom_padding_last_edited=&#8220;on|phone&#8220; auto=&#8220;on&#8220; header_font_size_tablet=&#8220;37px&#8220; header_font_size_phone=&#8220;37px&#8220; header_font_size_last_edited=&#8220;on|tablet&#8220; button_text_size__hover_enabled=&#8220;off&#8220; button_one_text_size__hover_enabled=&#8220;off&#8220; button_two_text_size__hover_enabled=&#8220;off&#8220; button_text_color__hover_enabled=&#8220;off&#8220; button_one_text_color__hover_enabled=&#8220;off&#8220; button_two_text_color__hover_enabled=&#8220;off&#8220; button_border_width__hover_enabled=&#8220;off&#8220; button_one_border_width__hover_enabled=&#8220;off&#8220; button_two_border_width__hover_enabled=&#8220;off&#8220; button_border_color__hover_enabled=&#8220;off&#8220; button_one_border_color__hover_enabled=&#8220;off&#8220; button_two_border_color__hover_enabled=&#8220;off&#8220; button_border_radius__hover_enabled=&#8220;off&#8220; [&hellip;]<\/p>\n","protected":false},"author":1,"featured_media":0,"parent":0,"menu_order":0,"comment_status":"closed","ping_status":"closed","template":"","meta":{"_et_pb_use_builder":"on","_et_pb_old_content":"","_et_gb_content_width":""},"_links":{"self":[{"href":"https:\/\/www.intaba-weine.de\/index.php?rest_route=\/wp\/v2\/pages\/357"}],"collection":[{"href":"https:\/\/www.intaba-weine.de\/index.php?rest_route=\/wp\/v2\/pages"}],"about":[{"href":"https:\/\/www.intaba-weine.de\/index.php?rest_route=\/wp\/v2\/types\/page"}],"author":[{"embeddable":true,"href":"https:\/\/www.intaba-weine.de\/index.php?rest_route=\/wp\/v2\/users\/1"}],"replies":[{"embeddable":true,"href":"https:\/\/www.intaba-weine.de\/index.php?rest_route=%2Fwp%2Fv2%2Fcomments&post=357"}],"version-history":[{"count":10,"href":"https:\/\/www.intaba-weine.de\/index.php?rest_route=\/wp\/v2\/pages\/357\/revisions"}],"predecessor-version":[{"id":1732,"href":"https:\/\/www.intaba-weine.de\/index.php?rest_route=\/wp\/v2\/pages\/357\/revisions\/1732"}],"wp:attachment":[{"href":"https:\/\/www.intaba-weine.de\/index.php?rest_route=%2Fwp%2Fv2%2Fmedia&parent=357"}],"curies":[{"name":"wp","href":"https:\/\/api.w.org\/{rel}","templated":true}]}}