{"id":67,"date":"2019-10-18T15:10:49","date_gmt":"2019-10-18T15:10:49","guid":{"rendered":"https:\/\/www.intaba-weine.de\/?page_id=67"},"modified":"2022-03-29T08:43:28","modified_gmt":"2022-03-29T08:43:28","slug":"presse-events","status":"publish","type":"page","link":"https:\/\/www.intaba-weine.de\/?page_id=67","title":{"rendered":"Presse &#038; Events"},"content":{"rendered":"<p>[et_pb_section fb_built=&#8220;1&#8243; fullwidth=&#8220;on&#8220; _builder_version=&#8220;4.3.4&#8243; background_color=&#8220;#7c0202&#8243;][et_pb_fullwidth_image src=&#8220;https:\/\/www.intaba-weine.de\/wp-content\/uploads\/2020\/02\/logo-weiss-Kopie-1.png&#8220; url=&#8220;https:\/\/www.intaba-weine.de&#8220; _builder_version=&#8220;4.3.4&#8243; background_color=&#8220;#7c0202&#8243; width=&#8220;46%&#8220; width_tablet=&#8220;80%&#8220; width_phone=&#8220;89%&#8220; width_last_edited=&#8220;on|tablet&#8220; module_alignment=&#8220;center&#8220; custom_margin=&#8220;0px||||false|false&#8220; custom_padding=&#8220;14px||11px||false|false&#8220;][\/et_pb_fullwidth_image][\/et_pb_section][et_pb_section fb_built=&#8220;1&#8243; fullwidth=&#8220;on&#8220; admin_label=&#8220;Header Section&#8220; _builder_version=&#8220;3.22&#8243; background_color=&#8220;#dadde2&#8243;][et_pb_fullwidth_slider admin_label=&#8220;Startseitenslider&#8220; _builder_version=&#8220;4.3.4&#8243; header_level=&#8220;h1&#8243; header_font=&#8220;||||||||&#8220; header_font_size=&#8220;37px&#8220; max_width_tablet=&#8220;100%&#8220; max_width_phone=&#8220;100%&#8220; max_width_last_edited=&#8220;on|phone&#8220; custom_margin=&#8220;0px||0px|&#8220; custom_margin_tablet=&#8220;&#8220; custom_margin_phone=&#8220;&#8220; custom_margin_last_edited=&#8220;on|desktop&#8220; custom_padding=&#8220;300px||300px|&#8220; custom_padding_tablet=&#8220;&#8220; custom_padding_phone=&#8220;150px||150px||false|false&#8220; custom_padding_last_edited=&#8220;on|phone&#8220; auto=&#8220;on&#8220; header_font_size_tablet=&#8220;37px&#8220; header_font_size_phone=&#8220;37px&#8220; header_font_size_last_edited=&#8220;on|tablet&#8220; button_text_size__hover_enabled=&#8220;off&#8220; button_one_text_size__hover_enabled=&#8220;off&#8220; button_two_text_size__hover_enabled=&#8220;off&#8220; button_text_color__hover_enabled=&#8220;off&#8220; button_one_text_color__hover_enabled=&#8220;off&#8220; button_two_text_color__hover_enabled=&#8220;off&#8220; button_border_width__hover_enabled=&#8220;off&#8220; button_one_border_width__hover_enabled=&#8220;off&#8220; button_two_border_width__hover_enabled=&#8220;off&#8220; button_border_color__hover_enabled=&#8220;off&#8220; button_one_border_color__hover_enabled=&#8220;off&#8220; button_two_border_color__hover_enabled=&#8220;off&#8220; button_border_radius__hover_enabled=&#8220;off&#8220; button_one_border_radius__hover_enabled=&#8220;off&#8220; button_two_border_radius__hover_enabled=&#8220;off&#8220; button_letter_spacing__hover_enabled=&#8220;off&#8220; button_one_letter_spacing__hover_enabled=&#8220;off&#8220; button_two_letter_spacing__hover_enabled=&#8220;off&#8220; button_bg_color__hover_enabled=&#8220;off&#8220; button_one_bg_color__hover_enabled=&#8220;off&#8220; button_two_bg_color__hover_enabled=&#8220;off&#8220;][et_pb_slide heading=&#8220;PRESSE UND EVENTS&#8220; use_bg_overlay=&#8220;off&#8220; use_text_overlay=&#8220;off&#8220; _builder_version=&#8220;4.3.4&#8243; header_font=&#8220;|700|||||||&#8220; header_font_size=&#8220;40px&#8220; background_image=&#8220;https:\/\/www.intaba-weine.de\/wp-content\/uploads\/2020\/02\/Kerstin-Beckmann-INTABA-Weine-auf-Rheingau-Gourmet-Wein-Festival-3-Kopie.jpg&#8220; background_enable_image=&#8220;on&#8220; button_on_hover=&#8220;on&#8220; text_orientation=&#8220;center&#8220; header_font_size_tablet=&#8220;&#8220; header_font_size_phone=&#8220;25px&#8220; header_font_size_last_edited=&#8220;on|phone&#8220; header_text_shadow_style=&#8220;preset4&#8243; header_text_shadow_horizontal_length=&#8220;0.06em&#8220; header_text_shadow_vertical_length=&#8220;0.06em&#8220; header_text_shadow_color=&#8220;#7c0202&#8243; text_shadow_style=&#8220;preset4&#8243; text_shadow_horizontal_length=&#8220;0.33em&#8220; text_shadow_vertical_length=&#8220;0.24em&#8220; text_shadow_color=&#8220;#7c0202&#8243; button_text_size__hover_enabled=&#8220;off&#8220; button_one_text_size__hover_enabled=&#8220;off&#8220; button_two_text_size__hover_enabled=&#8220;off&#8220; button_text_color__hover_enabled=&#8220;off&#8220; button_one_text_color__hover_enabled=&#8220;off&#8220; button_two_text_color__hover_enabled=&#8220;off&#8220; button_border_width__hover_enabled=&#8220;off&#8220; button_one_border_width__hover_enabled=&#8220;off&#8220; button_two_border_width__hover_enabled=&#8220;off&#8220; button_border_color__hover_enabled=&#8220;off&#8220; button_one_border_color__hover_enabled=&#8220;off&#8220; button_two_border_color__hover_enabled=&#8220;off&#8220; button_border_radius__hover_enabled=&#8220;off&#8220; button_one_border_radius__hover_enabled=&#8220;off&#8220; button_two_border_radius__hover_enabled=&#8220;off&#8220; button_letter_spacing__hover_enabled=&#8220;off&#8220; button_one_letter_spacing__hover_enabled=&#8220;off&#8220; button_two_letter_spacing__hover_enabled=&#8220;off&#8220; button_bg_color__hover_enabled=&#8220;off&#8220; button_one_bg_color__hover_enabled=&#8220;off&#8220; button_two_bg_color__hover_enabled=&#8220;off&#8220;][\/et_pb_slide][\/et_pb_fullwidth_slider][\/et_pb_section][et_pb_section fb_built=&#8220;1&#8243; admin_label=&#8220;Products Section&#8220; _builder_version=&#8220;3.22&#8243; background_color=&#8220;#dadada&#8220; custom_padding=&#8220;40px|0px|120px|0px&#8220;][et_pb_row column_structure=&#8220;1_2,1_2&#8243; _builder_version=&#8220;3.25&#8243;][et_pb_column type=&#8220;1_2&#8243; _builder_version=&#8220;3.25&#8243; custom_padding=&#8220;|||&#8220; custom_padding__hover=&#8220;|||&#8220;][et_pb_blurb title=&#8220;Rheingau Gourmet &#038; Wein Festival 2019&#8243; image=&#8220;https:\/\/www.intaba-weine.de\/wp-content\/uploads\/2020\/02\/Bild-032.jpg&#8220; _builder_version=&#8220;3.12.1&#8243; header_font=&#8220;|700|||||||&#8220; header_font_size=&#8220;20px&#8220; body_font=&#8220;||||||||&#8220; body_line_height=&#8220;1.4em&#8220; custom_margin=&#8220;0px||0px|&#8220; custom_padding=&#8220;0px||0px|&#8220;]<\/p>\n<p><span>Das Hotel und Restaurant Kronenschl\u00f6sschen in Eltville veranstaltete das 23. Rheingau Gourmet &amp; Wein Festival vom 21.02. bis 10.03.2019 &#8211; 18 Festivaltage mit \u00fcber 60 Veranstaltungen und insgesamt \u00fcber 6.000 G\u00e4sten. 30 Spitzenk\u00f6che, die zum Teil mit 3 Michelin Sternen und H\u00f6chstnoten im Gault Millau ausgezeichnet sind, waren am Start. Dazu pr\u00e4sentierten 224 Weing\u00fcter aus den wichtigsten Weinregionen Europas und aus \u00dcbersee ihre Spitzengew\u00e4chse.<\/span><\/p>\n<p>\u00a0<span>Zum dritten Mal durfte INTABA-Weine daran teilnehmen und einen Flight von drei Pinotages zum S\u00fcdafrica Lunch mit 150 G\u00e4sten am 23.02.19 pr\u00e4sentieren.<span class=\"Apple-converted-space\">\u00a0<\/span><\/span><\/p>\n<p>\u00a0<span>Das Highlight war wie im Vorjahr der ber\u00fchmte Spitzenkoch aus S\u00fcdafrika <\/span><span>Reuben Riffel<\/span><span>, der ein raffiniertes 4-Gang-Men\u00fc zauberte, was in idealer Kombination mit den s\u00fcdafrikanischen Wei\u00df- und Rotweinen harmonierte. Am\u00fcsant und unterhaltsam moderiert wurde das S\u00fcdafrica Lunch von Sommeli\u00e8re und Autorin Natalie Lumpp, die auch als Jurorin der TV-Sendung \u201eGrill den Hensler\u201c bekannt ist.<span class=\"Apple-converted-space\">\u00a0<\/span><\/span><\/p>\n<p><strong>\u00a0<\/strong><span><strong>Von INTABA-Weine wurden folgende Weine ausgeschenkt:<\/strong><span class=\"Apple-converted-space\">\u00a0<br \/><\/span><\/span><span>\u2022 Aaldering Pinotage Blanc 2017<br \/><\/span><span>\u2022 Aaldering Florence Ros\u00e9 2018<br \/><\/span><span>\u2022 Diemersfontein Coffee Pinotage 2016<\/span><\/p>\n<p>[\/et_pb_blurb][\/et_pb_column][et_pb_column type=&#8220;1_2&#8243; _builder_version=&#8220;3.25&#8243; custom_padding=&#8220;|||&#8220; custom_padding__hover=&#8220;|||&#8220;][et_pb_blurb title=&#8220;WeinD\u00fcsseldorf 2021&#8243; image=&#8220;https:\/\/www.intaba-weine.de\/wp-content\/uploads\/2020\/02\/Flaschen-rot.jpg&#8220; _builder_version=&#8220;4.3.4&#8243; header_font=&#8220;|700|||||||&#8220; header_font_size=&#8220;20px&#8220; body_font=&#8220;||||||||&#8220; body_line_height=&#8220;1.4em&#8220; custom_padding=&#8220;||1px|||&#8220;]<\/p>\n<p><span>Die &#8222;WeinD\u00fcsseldorf&#8220;, veranstaltet durch weberMessse, ist ein etabliertes, internationales Genie\u00dfertreffen. <\/span><\/p>\n<p><span>Die 110 Teilnehmerpl\u00e4tze sind immer sehr begehrt und in 2021 hatte ich wieder das Gl\u00fcck nach zweij\u00e4hriger Corona-Pause, mit INTABA-Weine zum 6. Mal an dieser Messe teilzunehmen. <\/span><\/p>\n<p><span>Am 23. und 24. Oktober konnten Weinenthusiasten mehr als 900 internationale edle Tropfen auf dem Festival im Hotel InterContinental auf der D\u00fcsseldorfer K\u00f6nigsallee verkosten.<\/span><\/p>\n<p><strong>Mehr Infos finden Sie unter:<\/strong> <span style=\"color: #7c0202;\"><a href=\"https:\/\/www.webermesse.de\/messe\/wein-duesseldorf\" style=\"color: #7c0202;\">www.weinduesseldorf.de<\/a><\/span><\/p>\n<p>[\/et_pb_blurb][\/et_pb_column][\/et_pb_row][et_pb_row column_structure=&#8220;1_2,1_2&#8243; _builder_version=&#8220;3.25&#8243;][et_pb_column type=&#8220;1_2&#8243; _builder_version=&#8220;3.25&#8243; custom_padding=&#8220;|||&#8220; custom_padding__hover=&#8220;|||&#8220;][et_pb_blurb title=&#8220;Rheingau Gourmet &#038; Wein Festival 2018&#8243; image=&#8220;https:\/\/www.intaba-weine.de\/wp-content\/uploads\/2020\/02\/Bild-006-scaled.jpg&#8220; _builder_version=&#8220;3.12.1&#8243; header_font=&#8220;|700|||||||&#8220; header_font_size=&#8220;20px&#8220; body_font=&#8220;||||||||&#8220; body_line_height=&#8220;1.4em&#8220;]<\/p>\n<p><span>Das Hotel und Restaurant Kronenschl\u00f6sschen in Eltville veranstaltete das 22. Rheingau Gourmet &amp; Wein Festival vom 22.02. bis 11.03.2018 &#8211; 18 Festivaltage mit \u00fcber 60 Veranstaltungen und insgesamt \u00fcber 6.000 G\u00e4sten. Viele Stark\u00f6che waren mit ihren Teams aus dem In- und Ausland angereist. Mit diesem Programm hat das Rheingau Gourmet &amp; Wein Festival seine Stellung als \u201eGourmetfestival Nr. 1 weltweit\u201c wieder nachdr\u00fccklich unterstrichen.<\/span><\/p>\n<p>Zum zweiten Mal durfte INTABA-Weine daran teilnehmen und vier Topweine zum S\u00fcdafrica Lunch mit 150 G\u00e4sten am 25.02.18 pr\u00e4sentieren. Unter den vielen G\u00e4sten, u. a. der South African Airways, war auch TV-Star <span>Motsi Mabuse<\/span><span> anwesend.<span class=\"Apple-converted-space\">\u00a0<\/span><\/span><\/p>\n<p><span>Das Highlight war der ber\u00fchmte Spitzenkoch aus S\u00fcdafrika <\/span><span>Reuben Riffel<\/span><span>, der ein raffiniertes 4-Gang-Men\u00fc zauberte, was in idealer Kombination mit den s\u00fcdafrikanischen Wei\u00df- und Rotweinen harmonierte. Am\u00fcsant und unterhaltsam moderiert wurde das S\u00fcdafrica Lunch von Journalist und Autor <\/span><span>Ingo Swoboda<\/span><span>.<\/span><\/p>\n<p>Hier ein Bericht von <span>Kulinariker<\/span><span> und ein Interview mit <\/span><span>Reuben Riffel<\/span><span><\/span><\/p>\n<p><strong>Von INTABA-Weine wurden folgende Weine ausgeschenkt:<\/strong><br \/>\u2022 Dunstone Sauvignon Blanc 2016<br \/>\u2022 Noble Hill Viognier 2016<br \/>\u2022 Dunstone Shiraz 2014<br \/>\u2022 Noble Hill Merlot 2014<\/p>\n<p>[\/et_pb_blurb][\/et_pb_column][et_pb_column type=&#8220;1_2&#8243; _builder_version=&#8220;3.25&#8243; custom_padding=&#8220;|||&#8220; custom_padding__hover=&#8220;|||&#8220;][et_pb_blurb title=&#8220;Rheingau Gourmet &#038; Wein Festival 2017&#8243; image=&#8220;https:\/\/www.intaba-weine.de\/wp-content\/uploads\/2020\/02\/Bild-004-scaled.jpg&#8220; _builder_version=&#8220;3.12.1&#8243; header_font=&#8220;|700|||||||&#8220; header_font_size=&#8220;20px&#8220; body_font=&#8220;||||||||&#8220; body_line_height=&#8220;1.4em&#8220;]<\/p>\n<p><span>Das Hotel und Restaurant <\/span><span>Kronenschl\u00f6sschen<\/span><span> in Eltville veranstaltete das <\/span><span>21. Rheingau Gourmet &amp; Wein Festival<\/span><span> vom 23.02. bis 12.03.2017. Am 12. M\u00e4rz 2017 ist es mit einer fr\u00f6hlichen Party zu Ende gegangen. Es war ein w\u00fcrdiger Abschluss nach 18 Festivaltagen mit 61 Veranstaltungen und insgesamt 6.100 G\u00e4sten. 39 Stark\u00f6che waren mit ihren Teams aus dem In- und Ausland angereist. Mit diesem Programm hat das Rheingau Gourmet &amp; Wein Festival seine Stellung als \u201eGourmetfestival Nr. 1 weltweit\u201c nachdr\u00fccklich unterstrichen.<\/span><\/p>\n<p>Erstmalig durfte INTABA-Weine daran teilnehmen und f\u00fcnf Topweine zum 4-Gang-Men\u00fc des S\u00fcdafrica Lunchs mit 120 G\u00e4sten am 12.03.17 pr\u00e4sentieren. Sternekoch <span>Sebastian Pr\u00fc\u00dfmann<\/span><span> zauberte ein \u00e4u\u00dferst schmackhaftes Essen in idealer Kombination mit den s\u00fcdafrikanischen Wei\u00df- und Rotweinen. Moderiert wurde das S\u00fcdafrica Lunch von Journalist Martin Maria Schwarz.<\/span><\/p>\n<p>Hier ein <span>Bericht von Front Row Society<\/span><span><\/span><\/p>\n<p><strong>Von INTABA-Weine wurden folgende Weine ausgeschenkt:<\/strong> <br \/>\u2022 Aaldering Florence 2015, Cuv\u00e9e wei\u00df<br \/>\u2022 Nabygelegen Scaramanga 2015, Cuv\u00e9e wei\u00df<br \/>\u2022 Graceland Strawberry Fields 2013, Cuv\u00e9e rot<br \/>\u2022 Graceland Three Graces 2013, Cuv\u00e9e rot<br \/>\u2022 Aaldering Pinotage 2012<\/p>\n<p>[\/et_pb_blurb][\/et_pb_column][\/et_pb_row][\/et_pb_section]<\/p>\n","protected":false},"excerpt":{"rendered":"<p>[et_pb_section fb_built=&#8220;1&#8243; fullwidth=&#8220;on&#8220; _builder_version=&#8220;4.3.4&#8243; background_color=&#8220;#7c0202&#8243;][et_pb_fullwidth_image src=&#8220;https:\/\/www.intaba-weine.de\/wp-content\/uploads\/2020\/02\/logo-weiss-Kopie-1.png&#8220; url=&#8220;https:\/\/www.intaba-weine.de&#8220; _builder_version=&#8220;4.3.4&#8243; background_color=&#8220;#7c0202&#8243; width=&#8220;46%&#8220; width_tablet=&#8220;80%&#8220; width_phone=&#8220;89%&#8220; width_last_edited=&#8220;on|tablet&#8220; module_alignment=&#8220;center&#8220; custom_margin=&#8220;0px||||false|false&#8220; custom_padding=&#8220;14px||11px||false|false&#8220;][\/et_pb_fullwidth_image][\/et_pb_section][et_pb_section fb_built=&#8220;1&#8243; fullwidth=&#8220;on&#8220; admin_label=&#8220;Header Section&#8220; _builder_version=&#8220;3.22&#8243; background_color=&#8220;#dadde2&#8243;][et_pb_fullwidth_slider admin_label=&#8220;Startseitenslider&#8220; _builder_version=&#8220;4.3.4&#8243; header_level=&#8220;h1&#8243; header_font=&#8220;||||||||&#8220; header_font_size=&#8220;37px&#8220; max_width_tablet=&#8220;100%&#8220; max_width_phone=&#8220;100%&#8220; max_width_last_edited=&#8220;on|phone&#8220; custom_margin=&#8220;0px||0px|&#8220; custom_margin_tablet=&#8220;&#8220; custom_margin_phone=&#8220;&#8220; custom_margin_last_edited=&#8220;on|desktop&#8220; custom_padding=&#8220;300px||300px|&#8220; custom_padding_tablet=&#8220;&#8220; custom_padding_phone=&#8220;150px||150px||false|false&#8220; custom_padding_last_edited=&#8220;on|phone&#8220; auto=&#8220;on&#8220; header_font_size_tablet=&#8220;37px&#8220; header_font_size_phone=&#8220;37px&#8220; header_font_size_last_edited=&#8220;on|tablet&#8220; button_text_size__hover_enabled=&#8220;off&#8220; button_one_text_size__hover_enabled=&#8220;off&#8220; button_two_text_size__hover_enabled=&#8220;off&#8220; button_text_color__hover_enabled=&#8220;off&#8220; button_one_text_color__hover_enabled=&#8220;off&#8220; button_two_text_color__hover_enabled=&#8220;off&#8220; button_border_width__hover_enabled=&#8220;off&#8220; button_one_border_width__hover_enabled=&#8220;off&#8220; button_two_border_width__hover_enabled=&#8220;off&#8220; button_border_color__hover_enabled=&#8220;off&#8220; button_one_border_color__hover_enabled=&#8220;off&#8220; button_two_border_color__hover_enabled=&#8220;off&#8220; button_border_radius__hover_enabled=&#8220;off&#8220; [&hellip;]<\/p>\n","protected":false},"author":1,"featured_media":0,"parent":0,"menu_order":0,"comment_status":"closed","ping_status":"closed","template":"","meta":{"_et_pb_use_builder":"on","_et_pb_old_content":"","_et_gb_content_width":""},"_links":{"self":[{"href":"https:\/\/www.intaba-weine.de\/index.php?rest_route=\/wp\/v2\/pages\/67"}],"collection":[{"href":"https:\/\/www.intaba-weine.de\/index.php?rest_route=\/wp\/v2\/pages"}],"about":[{"href":"https:\/\/www.intaba-weine.de\/index.php?rest_route=\/wp\/v2\/types\/page"}],"author":[{"embeddable":true,"href":"https:\/\/www.intaba-weine.de\/index.php?rest_route=\/wp\/v2\/users\/1"}],"replies":[{"embeddable":true,"href":"https:\/\/www.intaba-weine.de\/index.php?rest_route=%2Fwp%2Fv2%2Fcomments&post=67"}],"version-history":[{"count":16,"href":"https:\/\/www.intaba-weine.de\/index.php?rest_route=\/wp\/v2\/pages\/67\/revisions"}],"predecessor-version":[{"id":1715,"href":"https:\/\/www.intaba-weine.de\/index.php?rest_route=\/wp\/v2\/pages\/67\/revisions\/1715"}],"wp:attachment":[{"href":"https:\/\/www.intaba-weine.de\/index.php?rest_route=%2Fwp%2Fv2%2Fmedia&parent=67"}],"curies":[{"name":"wp","href":"https:\/\/api.w.org\/{rel}","templated":true}]}}