{"id":73,"date":"2019-10-18T15:11:25","date_gmt":"2019-10-18T15:11:25","guid":{"rendered":"https:\/\/www.intaba-weine.de\/?page_id=73"},"modified":"2020-03-12T20:13:55","modified_gmt":"2020-03-12T20:13:55","slug":"datenschutz","status":"publish","type":"page","link":"https:\/\/www.intaba-weine.de\/?page_id=73","title":{"rendered":"Datenschutz"},"content":{"rendered":"<p>[et_pb_section fb_built=&#8220;1&#8243; fullwidth=&#8220;on&#8220; _builder_version=&#8220;4.3.4&#8243; background_color=&#8220;#7c0202&#8243;][et_pb_fullwidth_image src=&#8220;https:\/\/www.intaba-weine.de\/wp-content\/uploads\/2020\/02\/logo-weiss-Kopie-1.png&#8220; url=&#8220;https:\/\/www.intaba-weine.de&#8220; _builder_version=&#8220;4.3.4&#8243; background_color=&#8220;#7c0202&#8243; width=&#8220;46%&#8220; width_tablet=&#8220;80%&#8220; width_phone=&#8220;89%&#8220; width_last_edited=&#8220;on|tablet&#8220; module_alignment=&#8220;center&#8220; custom_margin=&#8220;0px||||false|false&#8220; custom_padding=&#8220;14px||11px||false|false&#8220; hover_enabled=&#8220;0&#8243;][\/et_pb_fullwidth_image][\/et_pb_section][et_pb_section fb_built=&#8220;1&#8243; fullwidth=&#8220;on&#8220; admin_label=&#8220;Header Section&#8220; _builder_version=&#8220;3.22&#8243; background_color=&#8220;#dadde2&#8243;][et_pb_fullwidth_slider admin_label=&#8220;Startseitenslider&#8220; _builder_version=&#8220;4.3.4&#8243; header_level=&#8220;h1&#8243; header_font=&#8220;||||||||&#8220; header_font_size=&#8220;37px&#8220; max_width_tablet=&#8220;100%&#8220; max_width_phone=&#8220;100%&#8220; max_width_last_edited=&#8220;on|phone&#8220; custom_margin=&#8220;0px||0px|&#8220; custom_margin_tablet=&#8220;&#8220; custom_margin_phone=&#8220;&#8220; custom_margin_last_edited=&#8220;on|desktop&#8220; custom_padding=&#8220;300px||300px|&#8220; custom_padding_tablet=&#8220;&#8220; custom_padding_phone=&#8220;150px||150px||false|false&#8220; custom_padding_last_edited=&#8220;on|phone&#8220; auto=&#8220;on&#8220; header_font_size_tablet=&#8220;37px&#8220; header_font_size_phone=&#8220;37px&#8220; header_font_size_last_edited=&#8220;on|tablet&#8220; button_text_size__hover_enabled=&#8220;off&#8220; button_one_text_size__hover_enabled=&#8220;off&#8220; button_two_text_size__hover_enabled=&#8220;off&#8220; button_text_color__hover_enabled=&#8220;off&#8220; button_one_text_color__hover_enabled=&#8220;off&#8220; button_two_text_color__hover_enabled=&#8220;off&#8220; button_border_width__hover_enabled=&#8220;off&#8220; button_one_border_width__hover_enabled=&#8220;off&#8220; button_two_border_width__hover_enabled=&#8220;off&#8220; button_border_color__hover_enabled=&#8220;off&#8220; button_one_border_color__hover_enabled=&#8220;off&#8220; button_two_border_color__hover_enabled=&#8220;off&#8220; button_border_radius__hover_enabled=&#8220;off&#8220; button_one_border_radius__hover_enabled=&#8220;off&#8220; button_two_border_radius__hover_enabled=&#8220;off&#8220; button_letter_spacing__hover_enabled=&#8220;off&#8220; button_one_letter_spacing__hover_enabled=&#8220;off&#8220; button_two_letter_spacing__hover_enabled=&#8220;off&#8220; button_bg_color__hover_enabled=&#8220;off&#8220; button_one_bg_color__hover_enabled=&#8220;off&#8220; button_two_bg_color__hover_enabled=&#8220;off&#8220;][et_pb_slide heading=&#8220;DATENSCHUTZERKL\u00c4RUNG&#8220; use_bg_overlay=&#8220;off&#8220; use_text_overlay=&#8220;off&#8220; _builder_version=&#8220;4.3.4&#8243; header_font=&#8220;|700|||||||&#8220; header_font_size=&#8220;40px&#8220; background_image=&#8220;https:\/\/www.intaba-weine.de\/wp-content\/uploads\/2020\/02\/titelbild.jpg&#8220; button_on_hover=&#8220;on&#8220; text_orientation=&#8220;center&#8220; header_font_size_tablet=&#8220;&#8220; header_font_size_phone=&#8220;25px&#8220; header_font_size_last_edited=&#8220;on|phone&#8220; header_text_shadow_style=&#8220;preset4&#8243; header_text_shadow_horizontal_length=&#8220;0.06em&#8220; header_text_shadow_vertical_length=&#8220;0.06em&#8220; header_text_shadow_color=&#8220;#7c0202&#8243; text_shadow_style=&#8220;preset4&#8243; text_shadow_horizontal_length=&#8220;0.33em&#8220; text_shadow_vertical_length=&#8220;0.24em&#8220; text_shadow_color=&#8220;#7c0202&#8243; button_text_size__hover_enabled=&#8220;off&#8220; button_one_text_size__hover_enabled=&#8220;off&#8220; button_two_text_size__hover_enabled=&#8220;off&#8220; button_text_color__hover_enabled=&#8220;off&#8220; button_one_text_color__hover_enabled=&#8220;off&#8220; button_two_text_color__hover_enabled=&#8220;off&#8220; button_border_width__hover_enabled=&#8220;off&#8220; button_one_border_width__hover_enabled=&#8220;off&#8220; button_two_border_width__hover_enabled=&#8220;off&#8220; button_border_color__hover_enabled=&#8220;off&#8220; button_one_border_color__hover_enabled=&#8220;off&#8220; button_two_border_color__hover_enabled=&#8220;off&#8220; button_border_radius__hover_enabled=&#8220;off&#8220; button_one_border_radius__hover_enabled=&#8220;off&#8220; button_two_border_radius__hover_enabled=&#8220;off&#8220; button_letter_spacing__hover_enabled=&#8220;off&#8220; button_one_letter_spacing__hover_enabled=&#8220;off&#8220; button_two_letter_spacing__hover_enabled=&#8220;off&#8220; button_bg_color__hover_enabled=&#8220;off&#8220; button_one_bg_color__hover_enabled=&#8220;off&#8220; button_two_bg_color__hover_enabled=&#8220;off&#8220;][\/et_pb_slide][\/et_pb_fullwidth_slider][\/et_pb_section][et_pb_section fb_built=&#8220;1&#8243; admin_label=&#8220;Products Section&#8220; _builder_version=&#8220;3.22&#8243; background_color=&#8220;#dadada&#8220; custom_padding=&#8220;40px|0px|120px|0px&#8220;][et_pb_row _builder_version=&#8220;3.25&#8243; custom_margin=&#8220;-40px|||&#8220;][et_pb_column type=&#8220;4_4&#8243; _builder_version=&#8220;3.25&#8243; custom_padding=&#8220;|||&#8220; custom_padding__hover=&#8220;|||&#8220;][et_pb_blurb content_max_width=&#8220;854px&#8220; _builder_version=&#8220;3.12.1&#8243; body_font=&#8220;||||||||&#8220; body_line_height=&#8220;1.4em&#8220; text_orientation=&#8220;center&#8220;]<\/p>\n<p><span style=\"font-size: large; color: #7c0202;\"><strong><span class=\"ff2 fc0 fs21 fb \">Datenschutzerkl\u00e4rung <\/span><span class=\"ff2 fc0 fs10 fb \">(Stand Mai 2018)<\/span><span class=\"ff2 fc0 fs10 \"> <br \/><\/span><span class=\"ff3 fc0 fs13 \"><br \/><\/span><span class=\"ff2 fc0 fs18 fb \"><\/span><\/strong><\/span><\/p>\n<p><span style=\"font-size: large; color: #7c0202;\"><strong><span class=\"ff2 fc0 fs18 fb \">1. Datenschutz auf einen Blick<\/span><\/strong><\/span><span class=\"ff2 fc0 fs18 \"> <br \/><\/span><span class=\"ff3 fc0 fs10 \"><br \/><\/span><span class=\"ff3 fc0 fs11 \"><br \/><\/span><span style=\"color: #7c0202;\"><strong><span class=\"ff2 fc0 fs15 fb \">Allgemeine Hinweise<\/span><\/strong><span class=\"ff2 fc0 fs15 \"> <br \/><\/span><\/span><span class=\"ff3 fc0 fs10 \"><br \/><\/span><span class=\"ff4 fc0 fs12 \">Die folgenden Hinweise geben einen einfachen \u00dcberblick dar\u00fcber, was mit Ihren personenbezogenen Daten passiert, wenn Sie unsere Website besuchen. Personenbezogene Daten sind alle Daten, mit denen Sie pers\u00f6nlich identifiziert werden k\u00f6nnen. Ausf\u00fchrliche Informationen zum Thema Datenschutz entnehmen Sie unserer unter diesem Text aufgef\u00fchrten Datenschutzerkl\u00e4rung.<br \/><\/span><span class=\"ff3 fc0 fs14 \"><br \/><\/span><span style=\"color: #7c0202;\"><strong><span class=\"ff2 fc0 fs15 fb \">Datenerfassung auf unserer Website<\/span><\/strong><span class=\"ff2 fc0 fs15 \"> <br \/><\/span><\/span><span class=\"ff3 fc0 fs10 \"><br \/><\/span><span style=\"color: #7c0202;\"><strong><span class=\"ff2 fc0 fs12 fb \">Wer ist verantwortlich f\u00fcr die Datenerfassung auf dieser Website?<\/span><\/strong><span class=\"ff3 fc0 fs10 \"> <br \/><\/span><\/span><span class=\"ff4 fc0 fs12 \">Die Datenverarbeitung auf dieser Website erfolgt durch den Websitebetreiber. Dessen Kontaktdaten k\u00f6nnen Sie dem <span style=\"color: #7c0202;\"><a class=\"ImLink\" title=\"\" href=\"https:\/\/www.intaba-weine.de\/?page_id=71\" style=\"color: #7c0202;\">Impressum <\/a><\/span>dieser Website entnehmen.<br \/><\/span><span class=\"ff3 fc0 fs10 \"><br \/><\/span><span style=\"color: #7c0202;\"><strong><span class=\"ff2 fc0 fs12 fb \">Wie erfassen wir Ihre Daten?<\/span><\/strong><span class=\"ff3 fc0 fs10 \"> <br \/><\/span><\/span><span class=\"ff4 fc0 fs12 \">Ihre Daten werden zum einen dadurch erhoben, dass Sie uns diese mitteilen. Hierbei kann es sich z. B. um Daten handeln, die Sie in ein Kontaktformular eingeben.<br \/><\/span><span class=\"ff3 fc0 fs14 \"><br \/><\/span><span class=\"ff4 fc0 fs12 \">Andere Daten werden automatisch beim Besuch der Website durch unsere IT-Systeme erfasst. Das sind vor allem technische Daten (z. B. Internetbrowser, Betriebssystem oder Uhrzeit des Seitenaufrufs). Die Erfassung dieser Daten erfolgt automatisch, sobald Sie unsere Website betreten.<br \/><\/span><span class=\"ff3 fc0 fs14 \"><br \/><\/span><span style=\"color: #7c0202;\"><strong><span class=\"ff2 fc0 fs12 fb \">Wof\u00fcr nutzen wir Ihre Daten?<\/span><\/strong><\/span><span class=\"ff4 fc0 fs12 \"> <br \/>Ein Teil der Daten wird erhoben, um eine fehlerfreie Bereitstellung der Website zu gew\u00e4hrleisten. Andere Daten k\u00f6nnen zur Analyse Ihres Nutzerverhaltens verwendet werden.<br \/><\/span><span class=\"ff3 fc0 fs14 \"><br \/><\/span><span style=\"color: #7c0202;\"><strong><span class=\"ff2 fc0 fs12 fb \">Welche Rechte haben Sie bez\u00fcglich Ihrer Daten?<\/span><\/strong><\/span><span class=\"ff4 fc0 fs12 \"> <br \/>Sie haben jederzeit das Recht unentgeltlich Auskunft \u00fcber Herkunft, Empf\u00e4nger und Zweck Ihrer gespeicherten personenbezogenen Daten zu erhalten. Sie haben au\u00dferdem ein Recht, die Berichtigung, Sperrung oder L\u00f6schung dieser Daten zu verlangen. Hierzu sowie zu weiteren Fragen zum Thema Datenschutz k\u00f6nnen Sie sich jederzeit unter der im Impressum angegebenen Adresse an uns wenden. Des Weiteren steht Ihnen ein Beschwerderecht bei der zust\u00e4ndigen Aufsichtsbeh\u00f6rde zu.<br \/><\/span><span class=\"ff3 fc0 fs14 \"><br \/><\/span><span class=\"ff4 fc0 fs12 \">Au\u00dferdem haben Sie das Recht, unter bestimmten Umst\u00e4nden die Einschr\u00e4nkung der Verarbeitung Ihrer personenbezogenen Daten zu verlangen. Details hierzu entnehmen Sie der Datenschutzerkl\u00e4rung unter \u201eRecht auf Einschr\u00e4nkung der Verarbeitung\u201c.<br \/><\/span><span class=\"ff3 fc0 fs14 \"><br \/><\/span><span style=\"color: #7c0202; font-size: large;\"><strong><span class=\"ff2 fc0 fs18 fb \">2. Allgemeine Hinweise und Pflichtinformationen<\/span><\/strong><span class=\"ff2 fc0 fs18 \"> <br \/><\/span><\/span><span class=\"ff3 fc0 fs10 \"><br \/><\/span><span class=\"ff3 fc0 fs11 \"><br \/><\/span><span style=\"color: #7c0202;\"><strong><span class=\"ff2 fc0 fs15 fb \">Datenschutz<\/span><\/strong><\/span><span class=\"ff2 fc0 fs15 \"> <br \/><\/span><span class=\"ff4 fc0 fs12 \">Die Betreiber dieser Seiten nehmen den Schutz Ihrer pers\u00f6nlichen Daten sehr ernst. Wir behandeln Ihre personenbezogenen Daten vertraulich und entsprechend der gesetzlichen Datenschutzvorschriften sowie dieser Datenschutzerkl\u00e4rung.<br \/><\/span><span class=\"ff3 fc0 fs5 \"><br \/><\/span><span class=\"ff4 fc0 fs12 \">Wenn Sie diese Website benutzen, werden verschiedene personenbezogene Daten erhoben. Personenbezogene Daten sind Daten, mit denen Sie pers\u00f6nlich identifiziert werden k\u00f6nnen. Die vorliegende Datenschutzerkl\u00e4rung erl\u00e4utert, welche Daten wir erheben und wof\u00fcr wir sie nutzen. Sie erl\u00e4utert auch, wie und zu welchem Zweck das geschieht.<br \/><\/span><span class=\"ff3 fc0 fs14 \"><br \/><\/span><span class=\"ff4 fc0 fs12 \">Wir weisen darauf hin, dass die Daten\u00fcbertragung im Internet (z. B. bei der Kommunikation per E- Mail) Sicherheitsl\u00fccken aufweisen kann. Ein l\u00fcckenloser Schutz der Daten vor dem Zugriff durch Dritte ist nicht m\u00f6glich.<br \/><\/span><span class=\"ff3 fc0 fs14 \"><br \/><\/span><span class=\"ff2 fc0 fs15 fb \" style=\"color: #7c0202;\"><strong>Hinweis zur verantwortlichen Stelle<\/strong><br \/><\/span><span class=\"ff4 fc0 fs12 \"><br \/>Die verantwortliche Stelle f\u00fcr die Datenverarbeitung auf dieser Website ist:<\/span><\/p>\n<p>Kerstin Beckmann<br \/>INTABA-Weine Kerstin Beckmann<br \/>Schillerstr. 26<br \/>42781 Haan<br \/><span class=\"ff3 fc0 fs8 \"><br \/><\/span><span class=\"ff4 fc0 fs12 \">Telefon: +49 (0)21 29 &#8211; 58 58 339<br \/>E-Mail: info@intaba-weine.de<br \/><\/span><span class=\"ff3 fc0 fs10 \"><br \/><\/span><span class=\"ff4 fc0 fs12 \">Verantwortliche Stelle ist die nat\u00fcrliche oder juristische Person, die allein oder gemeinsam mit anderen \u00fcber die Zwecke und Mittel der Verarbeitung von personenbezogenen Daten (z. B. Namen, E-Mail-Adressen o. \u00c4.) entscheidet.<br \/><\/span><span class=\"ff3 fc0 fs11 \"><br \/><\/span><span style=\"color: #7c0202;\"><strong><span class=\"ff2 fc0 fs15 fb \">Widerruf Ihrer Einwilligung zur Datenverarbeitung<\/span><\/strong><span class=\"ff2 fc0 fs15 \"> <br \/><\/span><\/span><span class=\"ff4 fc0 fs12 \">Viele Datenverarbeitungsvorg\u00e4nge sind nur mit Ihrer ausdr\u00fccklichen Einwilligung m\u00f6glich. Sie k\u00f6nnen eine bereits erteilte Einwilligung jederzeit widerrufen. Dazu reicht eine formlose Mitteilung per<span style=\"color: #161616;\"> <a class=\"ImLink\" href=\"mailto:info@intaba-weine.de\" title=\"\" style=\"color: #161616;\">E-Mail<\/a> <\/span>an uns. Die Rechtm\u00e4\u00dfigkeit der bis zum Widerruf erfolgten Datenverarbeitung bleibt vom Widerruf unber\u00fchrt.<br \/><\/span><span class=\"ff3 fc0 fs14 \"><br \/><\/span><span class=\"ff2 fc0 fs15 fb \">Widerspruchsrecht gegen die Datenerhebung in besonderen F\u00e4llen sowie gegen Direktwerbung (Art. 21 DSGVO)<\/span><span class=\"ff2 fc0 fs15 \"> <br \/><\/span><span class=\"ff3 fc0 fs14 \"><br \/><\/span><span class=\"ff2 fc0 fs12 fb \">Wenn die Datenverarbeitung auf Grundlage von Art. 6 Abs. 1 lit. e oder f DSGVO erfolgt, haben Sie jederzeit das Recht, aus Gr\u00fcnden, die sich aus Ihrer besonderen Situation ergeben, gegen die Verarbeitung Ihrer personenbezogenen Daten Widerspruch einzulegen; dies gilt auch f\u00fcr ein auf diese Bestimmungen gest\u00fctztes Profiling. Die jeweilige Rechtsgrundlage, auf denen eine Verarbeitung beruht, entnehmen Sie dieser Datenschutzerkl\u00e4rung. Wenn Sie Widerspruch einlegen, werden wir Ihre betroffenen personenbezogenen Daten nicht mehr verarbeiten, es sei denn, wir k\u00f6nnen zwingende schutzw\u00fcrdige Gr\u00fcnde f\u00fcr die Verarbeitung nachweisen, die Ihre Interessen, Rechte und Freiheiten \u00fcberwiegen oder die Verarbeitung dient der Geltendmachung, Aus\u00fcbung oder Verteidigung von Rechtsanspr\u00fcchen (Widerspruch nach Art. 21 Abs. 1 DSGVO).<\/span><span class=\"ff4 fc0 fs12 \"> <br \/><\/span><span class=\"ff3 fc0 fs14 \"><br \/><\/span><span class=\"ff2 fc0 fs12 fb \">Werden Ihre personenbezogenen Daten verarbeitet, um Direktwerbung zu betreiben, so haben Sie das Recht, jederzeit Widerspruch gegen die Verarbeitung Sie betreffender personenbezogener Daten zum Zwecke derartiger Werbung einzulegen; dies gilt auch f\u00fcr das Profiling, soweit es mit solcher Direktwerbung in Verbindung steht. Wenn Sie widersprechen, werden Ihre personenbezogenen Daten anschlie\u00dfend nicht mehr zum Zwecke der Direktwerbung verwendet (Widerspruch nach Art. 21 Abs. 2 DSGVO).<\/span><span class=\"ff4 fc0 fs12 \"> <br \/><\/span><span class=\"ff3 fc0 fs5 \"><br \/><\/span><span class=\"ff3 fc0 fs10 \"><br \/><\/span><span style=\"color: #7c0202;\"><strong><span class=\"ff2 fc0 fs15 fb \">Beschwerderecht bei der zust\u00e4ndigen Aufsichtsbeh\u00f6rde<\/span><\/strong><span class=\"ff2 fc0 fs15 \"> <br \/><\/span><\/span><span class=\"ff4 fc0 fs12 \">Im Falle von Verst\u00f6\u00dfen gegen die DSGVO steht den Betroffenen ein Beschwerderecht bei einer Aufsichtsbeh\u00f6rde, insbesondere in dem Mitgliedstaat ihres gew\u00f6hnlichen Aufenthalts, ihres Arbeitsplatzes oder des Orts des mutma\u00dflichen Versto\u00dfes zu. Das Beschwerderecht besteht unbeschadet anderweitiger verwaltungsrechtlicher oder gerichtlicher Rechtsbehelfe.<br \/><\/span><span class=\"ff3 fc0 fs14 \"><br \/><\/span><span style=\"color: #7c0202;\"><strong><span class=\"ff2 fc0 fs15 fb \">Recht auf Daten\u00fcbertragbarkeit<\/span><\/strong><span class=\"ff2 fc0 fs15 \"> <br \/><\/span><\/span><span class=\"ff4 fc0 fs12 \">Sie haben das Recht, Daten, die wir auf Grundlage Ihrer Einwilligung oder in Erf\u00fcllung eines Vertrags automatisiert verarbeiten, an sich oder an einen Dritten in einem g\u00e4ngigen, maschinenlesbaren Format aush\u00e4ndigen zu lassen. Sofern Sie die direkte \u00dcbertragung der Daten an einen anderen Verantwortlichen verlangen, erfolgt dies nur, soweit es technisch machbar ist.<br \/><\/span><span class=\"ff3 fc0 fs14 \"><br \/><\/span><span style=\"color: #7c0202;\"><strong><span class=\"ff2 fc0 fs15 fb \">Auskunft, Sperrung, L\u00f6schung und Berichtigung<\/span><\/strong><span class=\"ff2 fc0 fs15 \"> <br \/><\/span><\/span><span class=\"ff4 fc0 fs12 \">Sie haben im Rahmen der geltenden gesetzlichen Bestimmungen jederzeit das Recht auf unentgeltliche Auskunft \u00fcber Ihre gespeicherten personenbezogenen Daten, deren Herkunft und Empf\u00e4nger und den Zweck der Datenverarbeitung und ggf. ein Recht auf Berichtigung, Sperrung oder L\u00f6schung dieser Daten. Hierzu sowie zu weiteren Fragen zum Thema personenbezogene Daten k\u00f6nnen Sie sich jederzeit unter der im Impressum angegebenen Adresse an uns wenden.<br \/><\/span><span class=\"ff3 fc0 fs14 \"><br \/><\/span><span style=\"color: #7c0202;\"><strong><span class=\"ff2 fc0 fs15 fb \">Recht auf Einschr\u00e4nkung der Verarbeitung<\/span><\/strong><span class=\"ff2 fc0 fs15 \"> <br \/><\/span><\/span><span class=\"ff4 fc0 fs12 \">Sie haben das Recht, die Einschr\u00e4nkung der Verarbeitung Ihrer personenbezogenen Daten zu verlangen. Hierzu k\u00f6nnen Sie sich jederzeit unter der im Impressum angegebenen Adresse an uns wenden. Das Recht auf Einschr\u00e4nkung der Verarbeitung besteht in folgenden F\u00e4llen:<br \/><\/span><span class=\"ff3 fc0 fs12 \"><br \/><\/span><span class=\"ff4 fc0 fs12 \">1. Wenn Sie die Richtigkeit Ihrer bei uns gespeicherten personenbezogenen Daten bestreiten, ben\u00f6tigen wir in der Regel Zeit, um dies zu \u00fcberpr\u00fcfen. F\u00fcr die Dauer der Pr\u00fcfung haben Sie das Recht, die Einschr\u00e4nkung der Verarbeitung Ihrer personenbezogenen Daten zu verlangen.<br \/>2. Wenn die Verarbeitung Ihrer personenbezogenen Daten unrechtm\u00e4\u00dfig geschah \/ geschieht, k\u00f6nnen Sie statt der L\u00f6schung die Einschr\u00e4nkung der Datenverarbeitung verlangen<br \/>3. Wenn wir Ihre personenbezogenen Daten nicht mehr ben\u00f6tigen, Sie sie jedoch zur Aus\u00fcbung, Verteidigung oder Geltendmachung von Rechtsanspr\u00fcchen ben\u00f6tigen, haben Sie das Recht, statt der L\u00f6schung die Einschr\u00e4nkung der Verarbeitung Ihrer personenbezogenen Daten zu verlangen.<br \/>4. Wenn Sie einen Widerspruch nach Art. 21 Abs. 1 DSGVO eingelegt haben, muss eine Abw\u00e4gung zwischen Ihren und unseren Interessen vorgenommen werden. Solange noch nicht feststeht, wessen Interessen \u00fcberwiegen, haben Sie das Recht, die Einschr\u00e4nkung der Verarbeitung Ihrer personenbezogenen Daten zu verlangen.<br \/><\/span><span class=\"ff3 fc0 fs13 \"><br \/><\/span><span class=\"ff4 fc0 fs12 \">Wenn Sie die Verarbeitung Ihrer personenbezogenen Daten eingeschr\u00e4nkt haben, d\u00fcrfen diese Daten \u2013 von ihrer Speicherung abgesehen \u2013 nur mit Ihrer Einwilligung oder zur Geltendmachung, Aus\u00fcbung oder Verteidigung von Rechtsanspr\u00fcchen oder zum Schutz der Rechte einer anderen nat\u00fcrlichen oder juristischen Person oder aus Gr\u00fcnden eines wichtigen \u00f6ffentlichen Interesses der Europ\u00e4ischen Union oder eines Mitgliedstaats verarbeitet werden.<br \/><\/span><span class=\"ff3 fc0 fs5 \"><br \/><\/span><span class=\"ff3 fc0 fs10 \"><br \/><\/span><span style=\"color: #7c0202;\"><strong><span class=\"ff2 fc0 fs15 fb \">Widerspruch gegen Werbe-E-Mails<\/span><\/strong><span class=\"ff2 fc0 fs15 \"> <br \/><\/span><\/span><span class=\"ff4 fc0 fs12 \">Der Nutzung von im Rahmen der Impressumspflicht ver\u00f6ffentlichten Kontaktdaten zur \u00dcbersendung von nicht ausdr\u00fccklich angeforderter Werbung und Informationsmaterialien wird hiermit widersprochen. Die Betreiber der Seiten behalten sich ausdr\u00fccklich rechtliche Schritte im Falle der unverlangten Zusendung von Werbeinformationen, etwa durch Spam-E-Mails, vor.<br \/><\/span><span class=\"ff3 fc0 fs14 \"><br \/><\/span><strong><span class=\"ff2 fc0 fs18 fb \"><\/span><\/strong><\/p>\n<p><span style=\"font-size: large; color: #7c0202;\"><strong><span class=\"ff2 fc0 fs18 fb \">3. Datenerfassung auf unserer Website<\/span><\/strong><span class=\"ff2 fc0 fs18 \"> <br \/><\/span><\/span><span class=\"ff3 fc0 fs10 \"><br \/><\/span><span style=\"color: #7c0202;\"><strong><span class=\"ff2 fc0 fs15 fb \">Server-Log-Dateien<\/span><\/strong><span class=\"ff2 fc0 fs15 \"> <br \/><\/span><\/span><span class=\"ff4 fc0 fs12 \">Der Provider der Seiten erhebt und speichert automatisch Informationen in so genannten Server- Log-Dateien, die Ihr Browser automatisch an uns \u00fcbermittelt. Dies sind:<br \/><\/span><span class=\"ff3 fc0 fs12 \"><br \/><\/span><span class=\"ff4 fc0 fs12 \">Browsertyp und Browserversion<br \/>verwendetes Betriebssystem<br \/>Referrer URL<br \/>Hostname des zugreifenden Rechners<br \/>Uhrzeit der Serveranfrage<br \/>IP-Adresse<br \/><\/span><span class=\"ff3 fc0 fs13 \"><br \/><\/span><span class=\"ff4 fc0 fs12 \">Eine Zusammenf\u00fchrung dieser Daten mit anderen Datenquellen wird nicht vorgenommen.<br \/><\/span><span class=\"ff3 fc0 fs8 \"><br \/><\/span><span class=\"ff4 fc0 fs12 \">Die Erfassung dieser Daten erfolgt auf Grundlage von Art. 6 Abs. 1 lit. f DSGVO. Der Websitebetreiber hat ein berechtigtes Interesse an der technisch fehlerfreien Darstellung und der Optimierung seiner Website \u2013 hierzu m\u00fcssen die Server-Log-Files erfasst werden.<br \/><\/span><\/p>\n<p>[\/et_pb_blurb][\/et_pb_column][\/et_pb_row][\/et_pb_section]<\/p>\n","protected":false},"excerpt":{"rendered":"<p>[et_pb_section fb_built=&#8220;1&#8243; fullwidth=&#8220;on&#8220; _builder_version=&#8220;4.3.4&#8243; background_color=&#8220;#7c0202&#8243;][et_pb_fullwidth_image src=&#8220;https:\/\/www.intaba-weine.de\/wp-content\/uploads\/2020\/02\/logo-weiss-Kopie-1.png&#8220; url=&#8220;https:\/\/www.intaba-weine.de&#8220; _builder_version=&#8220;4.3.4&#8243; background_color=&#8220;#7c0202&#8243; width=&#8220;46%&#8220; width_tablet=&#8220;80%&#8220; width_phone=&#8220;89%&#8220; width_last_edited=&#8220;on|tablet&#8220; module_alignment=&#8220;center&#8220; custom_margin=&#8220;0px||||false|false&#8220; custom_padding=&#8220;14px||11px||false|false&#8220; hover_enabled=&#8220;0&#8243;][\/et_pb_fullwidth_image][\/et_pb_section][et_pb_section fb_built=&#8220;1&#8243; fullwidth=&#8220;on&#8220; admin_label=&#8220;Header Section&#8220; _builder_version=&#8220;3.22&#8243; background_color=&#8220;#dadde2&#8243;][et_pb_fullwidth_slider admin_label=&#8220;Startseitenslider&#8220; _builder_version=&#8220;4.3.4&#8243; header_level=&#8220;h1&#8243; header_font=&#8220;||||||||&#8220; header_font_size=&#8220;37px&#8220; max_width_tablet=&#8220;100%&#8220; max_width_phone=&#8220;100%&#8220; max_width_last_edited=&#8220;on|phone&#8220; custom_margin=&#8220;0px||0px|&#8220; custom_margin_tablet=&#8220;&#8220; custom_margin_phone=&#8220;&#8220; custom_margin_last_edited=&#8220;on|desktop&#8220; custom_padding=&#8220;300px||300px|&#8220; custom_padding_tablet=&#8220;&#8220; custom_padding_phone=&#8220;150px||150px||false|false&#8220; custom_padding_last_edited=&#8220;on|phone&#8220; auto=&#8220;on&#8220; header_font_size_tablet=&#8220;37px&#8220; header_font_size_phone=&#8220;37px&#8220; header_font_size_last_edited=&#8220;on|tablet&#8220; button_text_size__hover_enabled=&#8220;off&#8220; button_one_text_size__hover_enabled=&#8220;off&#8220; button_two_text_size__hover_enabled=&#8220;off&#8220; button_text_color__hover_enabled=&#8220;off&#8220; button_one_text_color__hover_enabled=&#8220;off&#8220; button_two_text_color__hover_enabled=&#8220;off&#8220; button_border_width__hover_enabled=&#8220;off&#8220; button_one_border_width__hover_enabled=&#8220;off&#8220; button_two_border_width__hover_enabled=&#8220;off&#8220; button_border_color__hover_enabled=&#8220;off&#8220; button_one_border_color__hover_enabled=&#8220;off&#8220; button_two_border_color__hover_enabled=&#8220;off&#8220; [&hellip;]<\/p>\n","protected":false},"author":1,"featured_media":0,"parent":0,"menu_order":0,"comment_status":"closed","ping_status":"closed","template":"","meta":{"_et_pb_use_builder":"on","_et_pb_old_content":"","_et_gb_content_width":""},"_links":{"self":[{"href":"https:\/\/www.intaba-weine.de\/index.php?rest_route=\/wp\/v2\/pages\/73"}],"collection":[{"href":"https:\/\/www.intaba-weine.de\/index.php?rest_route=\/wp\/v2\/pages"}],"about":[{"href":"https:\/\/www.intaba-weine.de\/index.php?rest_route=\/wp\/v2\/types\/page"}],"author":[{"embeddable":true,"href":"https:\/\/www.intaba-weine.de\/index.php?rest_route=\/wp\/v2\/users\/1"}],"replies":[{"embeddable":true,"href":"https:\/\/www.intaba-weine.de\/index.php?rest_route=%2Fwp%2Fv2%2Fcomments&post=73"}],"version-history":[{"count":11,"href":"https:\/\/www.intaba-weine.de\/index.php?rest_route=\/wp\/v2\/pages\/73\/revisions"}],"predecessor-version":[{"id":1233,"href":"https:\/\/www.intaba-weine.de\/index.php?rest_route=\/wp\/v2\/pages\/73\/revisions\/1233"}],"wp:attachment":[{"href":"https:\/\/www.intaba-weine.de\/index.php?rest_route=%2Fwp%2Fv2%2Fmedia&parent=73"}],"curies":[{"name":"wp","href":"https:\/\/api.w.org\/{rel}","templated":true}]}}