{"id":753,"date":"2020-02-22T12:53:52","date_gmt":"2020-02-22T12:53:52","guid":{"rendered":"https:\/\/www.intaba-weine.de\/?page_id=753"},"modified":"2024-09-17T11:47:24","modified_gmt":"2024-09-17T11:47:24","slug":"suessweine","status":"publish","type":"page","link":"https:\/\/www.intaba-weine.de\/?page_id=753","title":{"rendered":"S\u00fc\u00dfweine"},"content":{"rendered":"<p>[et_pb_section fb_built=&#8220;1&#8243; fullwidth=&#8220;on&#8220; _builder_version=&#8220;4.3.4&#8243; background_color=&#8220;#7c0202&#8243;][et_pb_fullwidth_image src=&#8220;https:\/\/www.intaba-weine.de\/wp-content\/uploads\/2020\/02\/logo-weiss-Kopie-1.png&#8220; url=&#8220;https:\/\/www.intaba-weine.de&#8220; _builder_version=&#8220;4.3.4&#8243; background_color=&#8220;#7c0202&#8243; width=&#8220;46%&#8220; width_tablet=&#8220;80%&#8220; width_phone=&#8220;89%&#8220; width_last_edited=&#8220;on|tablet&#8220; module_alignment=&#8220;center&#8220; custom_margin=&#8220;0px||||false|false&#8220; custom_padding=&#8220;14px||11px||false|false&#8220;][\/et_pb_fullwidth_image][\/et_pb_section][et_pb_section fb_built=&#8220;1&#8243; admin_label=&#8220;Products Section&#8220; _builder_version=&#8220;3.22&#8243; background_color=&#8220;#dadada&#8220; custom_padding=&#8220;0px|0px|43px|0px||&#8220;][et_pb_row admin_label=&#8220;Section Header Row&#8220; _builder_version=&#8220;3.25&#8243; custom_padding=&#8220;0px|0px|27px|0px&#8220;][et_pb_column type=&#8220;4_4&#8243; _builder_version=&#8220;3.25&#8243; custom_padding=&#8220;|||&#8220; custom_padding__hover=&#8220;|||&#8220;][et_pb_text admin_label=&#8220;Tittle &#038; Paragraph&#8220; _builder_version=&#8220;4.3.4&#8243; text_font=&#8220;Open Sans|600|||||||&#8220; text_font_size=&#8220;25px&#8220; text_line_height=&#8220;1.8em&#8220; link_font=&#8220;||||||||&#8220; ul_font=&#8220;||||||||&#8220; ol_font=&#8220;||||||||&#8220; quote_font=&#8220;||||||||&#8220; header_font=&#8220;||||||||&#8220; header_font_size=&#8220;25px&#8220; header_2_font=&#8220;Oswald|||on|||||&#8220; header_2_font_size=&#8220;45px&#8220; header_2_letter_spacing=&#8220;3px&#8220; header_2_line_height=&#8220;1.4em&#8220; text_orientation=&#8220;center&#8220; max_width=&#8220;700px&#8220; module_alignment=&#8220;center&#8220; custom_margin=&#8220;40px|||&#8220; custom_margin_tablet=&#8220;0px|||&#8220; custom_margin_phone=&#8220;|||&#8220; custom_margin_last_edited=&#8220;on|phone&#8220; text_font_size_tablet=&#8220;&#8220; text_font_size_phone=&#8220;20px&#8220; text_font_size_last_edited=&#8220;on|desktop&#8220; header_font_size_tablet=&#8220;31px&#8220; header_font_size_phone=&#8220;20px&#8220; header_font_size_last_edited=&#8220;on|tablet&#8220;]<\/p>\n<h2><span style=\"font-size: xx-large;\">s\u00fcss- und dessertweine<\/span><\/h2>\n<p>[\/et_pb_text][\/et_pb_column][\/et_pb_row][et_pb_row column_structure=&#8220;1_3,1_3,1_3&#8243; use_custom_gutter=&#8220;on&#8220; gutter_width=&#8220;2&#8243; _builder_version=&#8220;3.25&#8243; locked=&#8220;off&#8220;][et_pb_column type=&#8220;1_3&#8243; _builder_version=&#8220;3.25&#8243; custom_padding=&#8220;|||&#8220; custom_padding__hover=&#8220;|||&#8220;][et_pb_blurb title=&#8220;Noble Late Harvest 2016, 0,75 L&#8220; image=&#8220;https:\/\/www.intaba-weine.de\/wp-content\/uploads\/2020\/02\/Aaldering-Estate-NLH-2016-scaled.jpg&#8220; image_max_width=&#8220;80%&#8220; admin_label=&#8220;Juice Type&#8220; _builder_version=&#8220;4.3.4&#8243; header_font=&#8220;Oswald|||on|||||&#8220; header_text_align=&#8220;center&#8220; header_text_color=&#8220;#7c0202&#8243; header_font_size=&#8220;20px&#8220; header_letter_spacing=&#8220;1px&#8220; header_line_height=&#8220;1.4em&#8220; body_font=&#8220;Open Sans|600|||||||&#8220; body_text_align=&#8220;center&#8220; body_text_color=&#8220;#7c0202&#8243; body_line_height=&#8220;1.8em&#8220; background_color=&#8220;rgba(247,215,101,0.57)&#8220; custom_padding=&#8220;60px|40px|20px|40px&#8220; animation_style=&#8220;zoom&#8220; animation_intensity_zoom=&#8220;10%&#8220; animation=&#8220;off&#8220; border_radii=&#8220;on|6px|6px|6px|6px&#8220; box_shadow_style=&#8220;preset1&#8243; box_shadow_vertical=&#8220;20px&#8220; box_shadow_blur=&#8220;50px&#8220; box_shadow_color=&#8220;rgba(0,0,0,0.1)&#8220; locked=&#8220;off&#8220;]<\/p>\n<p><strong>S\u00fc\u00df-\/ Dessertwein<\/strong><\/p>\n<p><span>Sauvignon Blanc 100 %<\/span><\/p>\n<p><span>Aaldering Vineyards &amp; Wines, Stellenbosch<\/span><\/p>\n<p><span style=\"color: #7c0202;\"><strong>29,90 \u20ac<\/strong> \u00a0 &gt;&gt;mehr<\/span><\/p>\n<p>[\/et_pb_blurb][\/et_pb_column][et_pb_column type=&#8220;1_3&#8243; _builder_version=&#8220;3.25&#8243; custom_padding=&#8220;|||&#8220; custom_padding__hover=&#8220;|||&#8220;][et_pb_blurb title=&#8220;Bella Vino Seductively Sweet 2017, 0,75L&#8220; image=&#8220;https:\/\/www.intaba-weine.de\/wp-content\/uploads\/2020\/02\/Bella-Vino-sweet-white.png&#8220; image_max_width=&#8220;34%&#8220; admin_label=&#8220;Juice Type&#8220; _builder_version=&#8220;4.3.4&#8243; header_font=&#8220;Oswald|||on|||||&#8220; header_text_align=&#8220;center&#8220; header_text_color=&#8220;#7c0202&#8243; header_font_size=&#8220;20px&#8220; header_letter_spacing=&#8220;1px&#8220; header_line_height=&#8220;1.4em&#8220; body_font=&#8220;Open Sans|600|||||||&#8220; body_text_align=&#8220;center&#8220; body_text_color=&#8220;#7c0202&#8243; body_line_height=&#8220;1.8em&#8220; background_color=&#8220;rgba(247,215,101,0.57)&#8220; custom_padding=&#8220;60px|40px|20px|40px&#8220; animation_style=&#8220;zoom&#8220; animation_intensity_zoom=&#8220;10%&#8220; animation=&#8220;off&#8220; border_radii=&#8220;on|6px|6px|6px|6px&#8220; box_shadow_style=&#8220;preset1&#8243; box_shadow_vertical=&#8220;20px&#8220; box_shadow_blur=&#8220;50px&#8220; box_shadow_color=&#8220;rgba(0,0,0,0.1)&#8220; locked=&#8220;off&#8220;]<\/p>\n<p><strong>Wei\u00dfwein &#8211; s\u00fc\u00df<\/strong><\/p>\n<p><span>Chenin Blanc 100 %<\/span><\/p>\n<p><span>Nabygelegen Private Cellar, Wellington<\/span><\/p>\n<p><span style=\"color: #7c0202;\"><strong>6,90 \u20ac<\/strong> \u00a0 &gt;&gt;mehr<\/span><\/p>\n<p>[\/et_pb_blurb][\/et_pb_column][et_pb_column type=&#8220;1_3&#8243; _builder_version=&#8220;3.25&#8243; custom_padding=&#8220;|||&#8220; custom_padding__hover=&#8220;|||&#8220;][et_pb_blurb title=&#8220;Diemersfontein carpe diem cape vintage (Port Style), 0,5 L&#8220; image=&#8220;https:\/\/www.intaba-weine.de\/wp-content\/uploads\/2021\/06\/Cape-Vintage-2.jpg&#8220; image_max_width=&#8220;34%&#8220; admin_label=&#8220;Juice Type&#8220; _builder_version=&#8220;4.3.4&#8243; header_font=&#8220;Oswald|||on|||||&#8220; header_text_align=&#8220;center&#8220; header_text_color=&#8220;#7c0202&#8243; header_font_size=&#8220;20px&#8220; header_letter_spacing=&#8220;1px&#8220; header_line_height=&#8220;1.4em&#8220; body_font=&#8220;Open Sans|600|||||||&#8220; body_text_align=&#8220;center&#8220; body_text_color=&#8220;#7c0202&#8243; body_line_height=&#8220;1.8em&#8220; background_color=&#8220;rgba(247,215,101,0.57)&#8220; custom_padding=&#8220;60px|40px|20px|40px&#8220; animation_style=&#8220;zoom&#8220; animation_intensity_zoom=&#8220;10%&#8220; animation=&#8220;off&#8220; border_radii=&#8220;on|6px|6px|6px|6px&#8220; box_shadow_style=&#8220;preset1&#8243; box_shadow_vertical=&#8220;20px&#8220; box_shadow_blur=&#8220;50px&#8220; box_shadow_color=&#8220;rgba(0,0,0,0.1)&#8220; locked=&#8220;off&#8220;]<\/p>\n<p><strong>ZUR ZEIT AUSVERKAUFT <\/strong><\/p>\n<p><strong>Dessertwein &#8211; rot &#8211; s\u00fc\u00df<\/strong><\/p>\n<p><span>Pinotage 100 %<\/span><\/p>\n<p><span>Diemersfontein Wines, Wellington<\/span><\/p>\n<p><span style=\"color: #7c0202;\"><strong>17,90 \u20ac<\/strong> \u00a0 &gt;&gt;mehr<\/span><\/p>\n<p>[\/et_pb_blurb][\/et_pb_column][\/et_pb_row][et_pb_row column_structure=&#8220;1_3,1_3,1_3&#8243; use_custom_gutter=&#8220;on&#8220; gutter_width=&#8220;2&#8243; _builder_version=&#8220;3.25&#8243; locked=&#8220;off&#8220;][et_pb_column type=&#8220;1_3&#8243; _builder_version=&#8220;3.25&#8243; custom_padding=&#8220;|||&#8220; custom_padding__hover=&#8220;|||&#8220;][et_pb_blurb title=&#8220;Fat Pig Cape Vintage (Port Style), 0,5 L&#8220; image=&#8220;https:\/\/www.intaba-weine.de\/wp-content\/uploads\/2023\/10\/Beau-Joubert-Fat-Pig-Cape-Vintage-scaled.jpg&#8220; image_max_width=&#8220;80%&#8220; admin_label=&#8220;Juice Type&#8220; _builder_version=&#8220;4.3.4&#8243; header_font=&#8220;Oswald|||on|||||&#8220; header_text_align=&#8220;center&#8220; header_text_color=&#8220;#7c0202&#8243; header_font_size=&#8220;20px&#8220; header_letter_spacing=&#8220;1px&#8220; header_line_height=&#8220;1.4em&#8220; body_font=&#8220;Open Sans|600|||||||&#8220; body_text_align=&#8220;center&#8220; body_text_color=&#8220;#7c0202&#8243; body_line_height=&#8220;1.8em&#8220; background_color=&#8220;rgba(247,215,101,0.57)&#8220; custom_padding=&#8220;60px|40px|20px|40px&#8220; animation_style=&#8220;zoom&#8220; animation_intensity_zoom=&#8220;10%&#8220; animation=&#8220;off&#8220; border_radii=&#8220;on|6px|6px|6px|6px&#8220; box_shadow_style=&#8220;preset1&#8243; box_shadow_vertical=&#8220;20px&#8220; box_shadow_blur=&#8220;50px&#8220; box_shadow_color=&#8220;rgba(0,0,0,0.1)&#8220; locked=&#8220;off&#8220;]<\/p>\n<p><strong>S\u00fc\u00df-\/ Dessertwein<\/strong><\/p>\n<p><span>Shiraz 100 %<\/span><\/p>\n<p><span>Beau Joubert Vineyards &amp; Winery, Stellenbosch<\/span><\/p>\n<p><span style=\"color: #7c0202;\"><strong>17,90 \u20ac<\/strong> \u00a0 &gt;&gt;mehr<\/span><\/p>\n<p>[\/et_pb_blurb][\/et_pb_column][et_pb_column type=&#8220;1_3&#8243; _builder_version=&#8220;3.25&#8243; custom_padding=&#8220;|||&#8220; custom_padding__hover=&#8220;|||&#8220;][\/et_pb_column][et_pb_column type=&#8220;1_3&#8243; _builder_version=&#8220;3.25&#8243; custom_padding=&#8220;|||&#8220; custom_padding__hover=&#8220;|||&#8220;][\/et_pb_column][\/et_pb_row][\/et_pb_section][et_pb_section fb_built=&#8220;1&#8243; admin_label=&#8220;Products Section&#8220; _builder_version=&#8220;4.3.4&#8243; background_color=&#8220;#ffffff&#8220; background_image=&#8220;https:\/\/www.intaba-weine.de\/wp-content\/uploads\/2019\/12\/p016_0_10.jpg&#8220; custom_margin=&#8220;1px|||||&#8220; custom_padding=&#8220;20px|0px|0px|0px||&#8220;][et_pb_row admin_label=&#8220;Section Header Row&#8220; _builder_version=&#8220;3.25&#8243; custom_padding=&#8220;0px|0px|0px|0px||&#8220;][et_pb_column type=&#8220;4_4&#8243; _builder_version=&#8220;3.25&#8243; custom_padding=&#8220;|||&#8220; custom_padding__hover=&#8220;|||&#8220;][et_pb_text admin_label=&#8220;Tittle &#038; Paragraph&#8220; _builder_version=&#8220;3.27.4&#8243; text_font=&#8220;Open Sans|600|||||||&#8220; text_line_height=&#8220;1.8em&#8220; link_font=&#8220;||||||||&#8220; ul_font=&#8220;||||||||&#8220; ol_font=&#8220;||||||||&#8220; quote_font=&#8220;||||||||&#8220; header_font=&#8220;||||||||&#8220; header_2_font=&#8220;Oswald|||on|||||&#8220; header_2_font_size=&#8220;30px&#8220; header_2_letter_spacing=&#8220;1px&#8220; header_2_line_height=&#8220;1.4em&#8220; text_orientation=&#8220;center&#8220; max_width=&#8220;700px&#8220; module_alignment=&#8220;center&#8220; custom_margin=&#8220;2px||2px||true|&#8220; custom_margin_tablet=&#8220;0px|||&#8220; custom_margin_phone=&#8220;|||&#8220; custom_margin_last_edited=&#8220;on|phone&#8220; custom_padding=&#8220;0px||1px|||&#8220;]<\/p>\n<h2><span style=\"font-size: xx-large; color: #ffffff;\">Unsere Wein-Vielfalt<\/span><span style=\"font-size: 16px; font-family: 'Open Sans', Helvetica, Arial, Lucida, sans-serif; font-weight: 600;\"><\/span><\/h2>\n<p>[\/et_pb_text][\/et_pb_column][\/et_pb_row][et_pb_row column_structure=&#8220;1_3,1_3,1_3&#8243; use_custom_gutter=&#8220;on&#8220; gutter_width=&#8220;2&#8243; _builder_version=&#8220;3.25&#8243; custom_padding=&#8220;0px|||||&#8220; locked=&#8220;off&#8220;][et_pb_column type=&#8220;1_3&#8243; _builder_version=&#8220;3.25&#8243; custom_padding=&#8220;|||&#8220; custom_padding__hover=&#8220;|||&#8220;][et_pb_blurb title=&#8220;Wei\u00dfweine&#8220; url=&#8220;https:\/\/www.intaba-weine.de\/?page_id=22&#8243; image=&#8220;https:\/\/www.intaba-weine.de\/wp-content\/uploads\/2020\/02\/Flaschen-wei\u00df.jpg&#8220; image_max_width=&#8220;87%&#8220; admin_label=&#8220;Juice Type&#8220; _builder_version=&#8220;4.3.4&#8243; header_font=&#8220;Oswald|||on|||||&#8220; header_text_align=&#8220;center&#8220; header_text_color=&#8220;#7c0202&#8243; header_font_size=&#8220;20px&#8220; header_letter_spacing=&#8220;2px&#8220; header_line_height=&#8220;1.4em&#8220; body_font=&#8220;Open Sans|600|||||||&#8220; body_text_align=&#8220;center&#8220; body_line_height=&#8220;1.8em&#8220; background_color=&#8220;#ffffff&#8220; custom_padding=&#8220;60px|40px|60px|40px&#8220; animation_style=&#8220;zoom&#8220; animation_intensity_zoom=&#8220;10%&#8220; animation=&#8220;off&#8220; border_radii=&#8220;on|6px|6px|6px|6px&#8220; box_shadow_style=&#8220;preset1&#8243; box_shadow_vertical=&#8220;20px&#8220; box_shadow_blur=&#8220;50px&#8220; box_shadow_color=&#8220;rgba(0,0,0,0.1)&#8220; locked=&#8220;off&#8220;][\/et_pb_blurb][\/et_pb_column][et_pb_column type=&#8220;1_3&#8243; _builder_version=&#8220;3.25&#8243; custom_padding=&#8220;|||&#8220; custom_padding__hover=&#8220;|||&#8220;][et_pb_blurb title=&#8220;Ros\u00e9weine&#8220; url=&#8220;https:\/\/www.intaba-weine.de\/?page_id=52&#8243; image=&#8220;https:\/\/www.intaba-weine.de\/wp-content\/uploads\/2020\/02\/p015_0_10.jpg&#8220; admin_label=&#8220;Juice Type&#8220; _builder_version=&#8220;4.3.4&#8243; header_font=&#8220;Oswald|||on|||||&#8220; header_text_align=&#8220;center&#8220; header_text_color=&#8220;#ffffff&#8220; header_font_size=&#8220;20px&#8220; header_letter_spacing=&#8220;2px&#8220; header_line_height=&#8220;1.4em&#8220; body_font=&#8220;Open Sans|600|||||||&#8220; body_text_align=&#8220;center&#8220; body_line_height=&#8220;1.8em&#8220; background_color=&#8220;#bf5048&#8243; background_layout=&#8220;dark&#8220; custom_padding=&#8220;60px|40px|60px|40px&#8220; animation_style=&#8220;zoom&#8220; animation_delay=&#8220;100ms&#8220; animation_intensity_zoom=&#8220;10%&#8220; animation=&#8220;off&#8220; border_radii=&#8220;on|6px|6px|6px|6px&#8220; box_shadow_style=&#8220;preset1&#8243; box_shadow_vertical=&#8220;20px&#8220; box_shadow_blur=&#8220;50px&#8220; box_shadow_color=&#8220;rgba(0,0,0,0.1)&#8220;][\/et_pb_blurb][\/et_pb_column][et_pb_column type=&#8220;1_3&#8243; _builder_version=&#8220;3.25&#8243; custom_padding=&#8220;|||&#8220; custom_padding__hover=&#8220;|||&#8220;][et_pb_blurb title=&#8220;Rotweine&#8220; url=&#8220;https:\/\/www.intaba-weine.de\/?page_id=50&#8243; image=&#8220;https:\/\/www.intaba-weine.de\/wp-content\/uploads\/2019\/12\/p046_0_14.jpg&#8220; admin_label=&#8220;Juice Type&#8220; _builder_version=&#8220;4.3.4&#8243; header_font=&#8220;Oswald|||on|||||&#8220; header_text_align=&#8220;center&#8220; header_text_color=&#8220;#ffffff&#8220; header_font_size=&#8220;20px&#8220; header_letter_spacing=&#8220;2px&#8220; header_line_height=&#8220;1.4em&#8220; body_font=&#8220;Open Sans|600|||||||&#8220; body_text_align=&#8220;center&#8220; body_line_height=&#8220;1.8em&#8220; background_color=&#8220;#bf0c00&#8243; background_layout=&#8220;dark&#8220; custom_padding=&#8220;60px|40px|60px|40px&#8220; animation_style=&#8220;zoom&#8220; animation_delay=&#8220;200ms&#8220; animation_intensity_zoom=&#8220;10%&#8220; animation=&#8220;off&#8220; border_radii=&#8220;on|6px|6px|6px|6px&#8220; box_shadow_style=&#8220;preset1&#8243; box_shadow_vertical=&#8220;20px&#8220; box_shadow_blur=&#8220;50px&#8220; box_shadow_color=&#8220;rgba(0,0,0,0.1)&#8220; locked=&#8220;off&#8220;][\/et_pb_blurb][\/et_pb_column][\/et_pb_row][et_pb_row column_structure=&#8220;1_3,1_3,1_3&#8243; use_custom_gutter=&#8220;on&#8220; gutter_width=&#8220;2&#8243; _builder_version=&#8220;3.25&#8243; custom_margin=&#8220;-30px|||&#8220; custom_padding=&#8220;18px|||||&#8220; locked=&#8220;off&#8220;][et_pb_column type=&#8220;1_3&#8243; _builder_version=&#8220;3.25&#8243; custom_padding=&#8220;|||&#8220; custom_padding__hover=&#8220;|||&#8220;][et_pb_blurb title=&#8220;Schaumweine&#8220; url=&#8220;https:\/\/www.intaba-weine.de\/?page_id=327&#8243; image=&#8220;https:\/\/www.intaba-weine.de\/wp-content\/uploads\/2020\/02\/schaumweine.jpg&#8220; admin_label=&#8220;Juice Type&#8220; _builder_version=&#8220;4.3.4&#8243; header_font=&#8220;Oswald|||on|||||&#8220; header_text_align=&#8220;center&#8220; header_text_color=&#8220;#7c0202&#8243; header_font_size=&#8220;20px&#8220; header_letter_spacing=&#8220;2px&#8220; header_line_height=&#8220;1.4em&#8220; body_font=&#8220;Open Sans|600|||||||&#8220; body_text_align=&#8220;center&#8220; body_line_height=&#8220;1.8em&#8220; background_color=&#8220;#fff0d8&#8243; custom_padding=&#8220;60px|40px|60px|40px&#8220; animation_style=&#8220;zoom&#8220; animation_intensity_zoom=&#8220;10%&#8220; animation=&#8220;off&#8220; border_radii=&#8220;on|6px|6px|6px|6px&#8220; box_shadow_style=&#8220;preset1&#8243; box_shadow_vertical=&#8220;20px&#8220; box_shadow_blur=&#8220;50px&#8220; box_shadow_color=&#8220;rgba(0,0,0,0.1)&#8220;][\/et_pb_blurb][\/et_pb_column][et_pb_column type=&#8220;1_3&#8243; _builder_version=&#8220;3.25&#8243; custom_padding=&#8220;|||&#8220; custom_padding__hover=&#8220;|||&#8220;][et_pb_blurb title=&#8220;S\u00fcssweine&#8220; url=&#8220;https:\/\/www.intaba-weine.de\/?page_id=753&#8243; image=&#8220;https:\/\/www.intaba-weine.de\/wp-content\/uploads\/2020\/02\/weiss-suess-frei.jpg&#8220; admin_label=&#8220;Juice Type&#8220; _builder_version=&#8220;4.3.4&#8243; header_font=&#8220;Oswald|||on|||||&#8220; header_text_align=&#8220;center&#8220; header_text_color=&#8220;#7c0202&#8243; header_font_size=&#8220;20px&#8220; header_letter_spacing=&#8220;2px&#8220; header_line_height=&#8220;1.4em&#8220; body_font=&#8220;Open Sans|600|||||||&#8220; body_text_align=&#8220;center&#8220; body_line_height=&#8220;1.8em&#8220; background_color=&#8220;#f7e39b&#8220; custom_padding=&#8220;60px|40px|60px|40px&#8220; animation_style=&#8220;zoom&#8220; animation_intensity_zoom=&#8220;10%&#8220; animation=&#8220;off&#8220; border_radii=&#8220;on|6px|6px|6px|6px&#8220; box_shadow_style=&#8220;preset1&#8243; box_shadow_vertical=&#8220;20px&#8220; box_shadow_blur=&#8220;50px&#8220; box_shadow_color=&#8220;rgba(0,0,0,0.1)&#8220;][\/et_pb_blurb][\/et_pb_column][et_pb_column type=&#8220;1_3&#8243; _builder_version=&#8220;3.25&#8243; custom_padding=&#8220;|||&#8220; custom_padding__hover=&#8220;|||&#8220;][et_pb_blurb title=&#8220;Gro\u00dfflaschen&#8220; url=&#8220;https:\/\/www.intaba-weine.de\/?page_id=395&#8243; image=&#8220;https:\/\/www.intaba-weine.de\/wp-content\/uploads\/2020\/02\/aaldering-magnum-range4.jpg&#8220; admin_label=&#8220;Juice Type&#8220; _builder_version=&#8220;4.3.4&#8243; header_font=&#8220;Oswald|||on|||||&#8220; header_text_align=&#8220;center&#8220; header_text_color=&#8220;#ffffff&#8220; header_font_size=&#8220;20px&#8220; header_letter_spacing=&#8220;2px&#8220; header_line_height=&#8220;1.4em&#8220; body_font=&#8220;Open Sans|600|||||||&#8220; body_text_align=&#8220;center&#8220; body_line_height=&#8220;1.8em&#8220; background_color=&#8220;#bf0c00&#8243; background_layout=&#8220;dark&#8220; custom_padding=&#8220;60px|40px|60px|40px&#8220; animation_style=&#8220;zoom&#8220; animation_delay=&#8220;100ms&#8220; animation_intensity_zoom=&#8220;10%&#8220; animation=&#8220;off&#8220; border_radii=&#8220;on|6px|6px|6px|6px&#8220; box_shadow_style=&#8220;preset1&#8243; box_shadow_vertical=&#8220;20px&#8220; box_shadow_blur=&#8220;50px&#8220; box_shadow_color=&#8220;rgba(0,0,0,0.1)&#8220; locked=&#8220;off&#8220;][\/et_pb_blurb][\/et_pb_column][\/et_pb_row][\/et_pb_section]<\/p>\n","protected":false},"excerpt":{"rendered":"<p>[et_pb_section fb_built=&#8220;1&#8243; fullwidth=&#8220;on&#8220; _builder_version=&#8220;4.3.4&#8243; background_color=&#8220;#7c0202&#8243;][et_pb_fullwidth_image src=&#8220;https:\/\/www.intaba-weine.de\/wp-content\/uploads\/2020\/02\/logo-weiss-Kopie-1.png&#8220; url=&#8220;https:\/\/www.intaba-weine.de&#8220; _builder_version=&#8220;4.3.4&#8243; background_color=&#8220;#7c0202&#8243; width=&#8220;46%&#8220; width_tablet=&#8220;80%&#8220; width_phone=&#8220;89%&#8220; width_last_edited=&#8220;on|tablet&#8220; module_alignment=&#8220;center&#8220; custom_margin=&#8220;0px||||false|false&#8220; custom_padding=&#8220;14px||11px||false|false&#8220;][\/et_pb_fullwidth_image][\/et_pb_section][et_pb_section fb_built=&#8220;1&#8243; admin_label=&#8220;Products Section&#8220; _builder_version=&#8220;3.22&#8243; background_color=&#8220;#dadada&#8220; custom_padding=&#8220;0px|0px|43px|0px||&#8220;][et_pb_row admin_label=&#8220;Section Header Row&#8220; _builder_version=&#8220;3.25&#8243; custom_padding=&#8220;0px|0px|27px|0px&#8220;][et_pb_column type=&#8220;4_4&#8243; _builder_version=&#8220;3.25&#8243; custom_padding=&#8220;|||&#8220; custom_padding__hover=&#8220;|||&#8220;][et_pb_text admin_label=&#8220;Tittle &#038; Paragraph&#8220; _builder_version=&#8220;4.3.4&#8243; text_font=&#8220;Open Sans|600|||||||&#8220; text_font_size=&#8220;25px&#8220; text_line_height=&#8220;1.8em&#8220; link_font=&#8220;||||||||&#8220; ul_font=&#8220;||||||||&#8220; ol_font=&#8220;||||||||&#8220; quote_font=&#8220;||||||||&#8220; header_font=&#8220;||||||||&#8220; header_font_size=&#8220;25px&#8220; header_2_font=&#8220;Oswald|||on|||||&#8220; header_2_font_size=&#8220;45px&#8220; header_2_letter_spacing=&#8220;3px&#8220; header_2_line_height=&#8220;1.4em&#8220; text_orientation=&#8220;center&#8220; max_width=&#8220;700px&#8220; module_alignment=&#8220;center&#8220; custom_margin=&#8220;40px|||&#8220; custom_margin_tablet=&#8220;0px|||&#8220; custom_margin_phone=&#8220;|||&#8220; [&hellip;]<\/p>\n","protected":false},"author":1,"featured_media":0,"parent":0,"menu_order":0,"comment_status":"closed","ping_status":"closed","template":"","meta":{"_et_pb_use_builder":"on","_et_pb_old_content":"","_et_gb_content_width":""},"_links":{"self":[{"href":"https:\/\/www.intaba-weine.de\/index.php?rest_route=\/wp\/v2\/pages\/753"}],"collection":[{"href":"https:\/\/www.intaba-weine.de\/index.php?rest_route=\/wp\/v2\/pages"}],"about":[{"href":"https:\/\/www.intaba-weine.de\/index.php?rest_route=\/wp\/v2\/types\/page"}],"author":[{"embeddable":true,"href":"https:\/\/www.intaba-weine.de\/index.php?rest_route=\/wp\/v2\/users\/1"}],"replies":[{"embeddable":true,"href":"https:\/\/www.intaba-weine.de\/index.php?rest_route=%2Fwp%2Fv2%2Fcomments&post=753"}],"version-history":[{"count":15,"href":"https:\/\/www.intaba-weine.de\/index.php?rest_route=\/wp\/v2\/pages\/753\/revisions"}],"predecessor-version":[{"id":2079,"href":"https:\/\/www.intaba-weine.de\/index.php?rest_route=\/wp\/v2\/pages\/753\/revisions\/2079"}],"wp:attachment":[{"href":"https:\/\/www.intaba-weine.de\/index.php?rest_route=%2Fwp%2Fv2%2Fmedia&parent=753"}],"curies":[{"name":"wp","href":"https:\/\/api.w.org\/{rel}","templated":true}]}}